{"id":305,"date":"2023-10-17T20:59:51","date_gmt":"2023-10-17T18:59:51","guid":{"rendered":"https:\/\/www.lechner-service.at\/page\/?page_id=305"},"modified":"2024-03-24T13:41:49","modified_gmt":"2024-03-24T12:41:49","slug":"oberflaechen","status":"publish","type":"page","link":"https:\/\/www.lechner-service.at\/page\/oberflaechen\/","title":{"rendered":"Oberfl\u00e4chen"},"content":{"rendered":"\n<figure class=\"wp-block-image aligncenter size-large is-resized\"><img loading=\"lazy\" decoding=\"async\" width=\"1024\" height=\"682\" src=\"https:\/\/www.lechner-service.at\/page\/wp-content\/uploads\/2024\/01\/Oberflaechen-1024x682.jpg\" alt=\"\" class=\"wp-image-609\" style=\"width:617px;height:auto\" srcset=\"https:\/\/www.lechner-service.at\/page\/wp-content\/uploads\/2024\/01\/Oberflaechen-1024x682.jpg 1024w, https:\/\/www.lechner-service.at\/page\/wp-content\/uploads\/2024\/01\/Oberflaechen-300x200.jpg 300w, https:\/\/www.lechner-service.at\/page\/wp-content\/uploads\/2024\/01\/Oberflaechen-768x512.jpg 768w, https:\/\/www.lechner-service.at\/page\/wp-content\/uploads\/2024\/01\/Oberflaechen-1536x1024.jpg 1536w, https:\/\/www.lechner-service.at\/page\/wp-content\/uploads\/2024\/01\/Oberflaechen.jpg 1772w\" sizes=\"auto, (max-width: 1024px) 100vw, 1024px\" \/><\/figure>\n\n\n\n<p>Entdecken Sie unsere professionellen Reparaturdienstleistungen f\u00fcr Sch\u00e4den an Oberfl\u00e4chen aus Holz, Metall und Kunststoff! Unsere erfahrenen Handwerker sind darauf spezialisiert, besch\u00e4digte Stellen sorgf\u00e4ltig zu reparieren und Ihre Oberfl\u00e4chen wieder in neuem Glanz erstrahlen zu lassen. <\/p>\n\n\n\n<p>Egal ob Kratzer, Dellen, Klebereste (wie z.B.: PU Schaum, Zementspritzer) oder Abnutzungserscheinungen \u2013 wir wissen, wie man diese Sch\u00e4den effektiv beseitigt und Ihre Oberfl\u00e4chen wieder wie neu aussehen l\u00e4sst.  Mit hochwertigen Materialien und pr\u00e4ziser Handwerkskunst sorgen wir daf\u00fcr, dass Ihre M\u00f6bel, T\u00fcren, Fensterrahmen oder andere Oberfl\u00e4chen wieder bestm\u00f6glich aussehen.<\/p>\n\n\n\n<p>Vertrauen Sie auf unsere Expertise und lassen Sie uns Ihre Oberfl\u00e4chenprobleme l\u00f6sen. <a href=\"https:\/\/www.lechner-service.at\/page\/kontakt\/\" title=\"Kontakt\">Kontaktieren <\/a>Sie uns noch heute, um mehr \u00fcber unsere Reparaturdienstleistungen zu erfahren und einen Termin zu vereinbaren. Wir freuen uns darauf, Ihnen\u00a0zu\u00a0helfen!<\/p>\n","protected":false},"excerpt":{"rendered":"<p>Entdecken Sie unsere professionellen Reparaturdienstleistungen f\u00fcr Sch\u00e4den an Oberfl\u00e4chen aus Holz, Metall und Kunststoff! Unsere erfahrenen Handwerker sind darauf spezialisiert, besch\u00e4digte Stellen sorgf\u00e4ltig zu reparieren und Ihre Oberfl\u00e4chen wieder in neuem Glanz erstrahlen zu lassen. Egal ob Kratzer, Dellen, Klebereste (wie z.B.: PU Schaum, Zementspritzer) oder Abnutzungserscheinungen \u2013 wir wissen, wie man diese Sch\u00e4den effektiv &hellip;<\/p>\n<p class=\"read-more\"> <a class=\"\" href=\"https:\/\/www.lechner-service.at\/page\/oberflaechen\/\"> <span class=\"screen-reader-text\">Oberfl\u00e4chen<\/span> Weiterlesen &raquo;<\/a><\/p>\n","protected":false},"author":1,"featured_media":0,"parent":0,"menu_order":0,"comment_status":"closed","ping_status":"closed","template":"","meta":{"_uag_custom_page_level_css":"","site-sidebar-layout":"default","site-content-layout":"","ast-site-content-layout":"","site-content-style":"default","site-sidebar-style":"default","ast-global-header-display":"","ast-banner-title-visibility":"","ast-main-header-display":"","ast-hfb-above-header-display":"","ast-hfb-below-header-display":"","ast-hfb-mobile-header-display":"","site-post-title":"","ast-breadcrumbs-content":"","ast-featured-img":"","footer-sml-layout":"","theme-transparent-header-meta":"","adv-header-id-meta":"","stick-header-meta":"","header-above-stick-meta":"","header-main-stick-meta":"","header-below-stick-meta":"","astra-migrate-meta-layouts":"default","ast-page-background-enabled":"default","ast-page-background-meta":{"desktop":{"background-color":"var(--ast-global-color-4)","background-image":"","background-repeat":"repeat","background-position":"center center","background-size":"auto","background-attachment":"scroll","background-type":"","background-media":"","overlay-type":"","overlay-color":"","overlay-gradient":""},"tablet":{"background-color":"","background-image":"","background-repeat":"repeat","background-position":"center center","background-size":"auto","background-attachment":"scroll","background-type":"","background-media":"","overlay-type":"","overlay-color":"","overlay-gradient":""},"mobile":{"background-color":"","background-image":"","background-repeat":"repeat","background-position":"center center","background-size":"auto","background-attachment":"scroll","background-type":"","background-media":"","overlay-type":"","overlay-color":"","overlay-gradient":""}},"ast-content-background-meta":{"desktop":{"background-color":"var(--ast-global-color-5)","background-image":"","background-repeat":"repeat","background-position":"center center","background-size":"auto","background-attachment":"scroll","background-type":"","background-media":"","overlay-type":"","overlay-color":"","overlay-gradient":""},"tablet":{"background-color":"var(--ast-global-color-5)","background-image":"","background-repeat":"repeat","background-position":"center center","background-size":"auto","background-attachment":"scroll","background-type":"","background-media":"","overlay-type":"","overlay-color":"","overlay-gradient":""},"mobile":{"background-color":"var(--ast-global-color-5)","background-image":"","background-repeat":"repeat","background-position":"center center","background-size":"auto","background-attachment":"scroll","background-type":"","background-media":"","overlay-type":"","overlay-color":"","overlay-gradient":""}},"footnotes":""},"class_list":["post-305","page","type-page","status-publish","hentry"],"aioseo_notices":[],"uagb_featured_image_src":{"full":false,"thumbnail":false,"medium":false,"medium_large":false,"large":false,"1536x1536":false,"2048x2048":false},"uagb_author_info":{"display_name":"admin","author_link":"https:\/\/www.lechner-service.at\/page\/author\/admin\/"},"uagb_comment_info":0,"uagb_excerpt":"Entdecken Sie unsere professionellen Reparaturdienstleistungen f\u00fcr Sch\u00e4den an Oberfl\u00e4chen aus Holz, Metall und Kunststoff! Unsere erfahrenen Handwerker sind darauf spezialisiert, besch\u00e4digte Stellen sorgf\u00e4ltig zu reparieren und Ihre Oberfl\u00e4chen wieder in neuem Glanz erstrahlen zu lassen. Egal ob Kratzer, Dellen, Klebereste (wie z.B.: PU Schaum, Zementspritzer) oder Abnutzungserscheinungen \u2013 wir wissen, wie man diese Sch\u00e4den effektiv&hellip;","_links":{"self":[{"href":"https:\/\/www.lechner-service.at\/page\/wp-json\/wp\/v2\/pages\/305","targetHints":{"allow":["GET"]}}],"collection":[{"href":"https:\/\/www.lechner-service.at\/page\/wp-json\/wp\/v2\/pages"}],"about":[{"href":"https:\/\/www.lechner-service.at\/page\/wp-json\/wp\/v2\/types\/page"}],"author":[{"embeddable":true,"href":"https:\/\/www.lechner-service.at\/page\/wp-json\/wp\/v2\/users\/1"}],"replies":[{"embeddable":true,"href":"https:\/\/www.lechner-service.at\/page\/wp-json\/wp\/v2\/comments?post=305"}],"version-history":[{"count":8,"href":"https:\/\/www.lechner-service.at\/page\/wp-json\/wp\/v2\/pages\/305\/revisions"}],"predecessor-version":[{"id":671,"href":"https:\/\/www.lechner-service.at\/page\/wp-json\/wp\/v2\/pages\/305\/revisions\/671"}],"wp:attachment":[{"href":"https:\/\/www.lechner-service.at\/page\/wp-json\/wp\/v2\/media?parent=305"}],"curies":[{"name":"wp","href":"https:\/\/api.w.org\/{rel}","templated":true}]}}