{"id":301,"date":"2023-10-17T20:59:30","date_gmt":"2023-10-17T18:59:30","guid":{"rendered":"https:\/\/www.lechner-service.at\/page\/?page_id=301"},"modified":"2023-10-17T21:20:53","modified_gmt":"2023-10-17T19:20:53","slug":"glastausch","status":"publish","type":"page","link":"https:\/\/www.lechner-service.at\/page\/glastausch\/","title":{"rendered":"Glastausch"},"content":{"rendered":"\n<h3 class=\"wp-block-heading\">Glasscheiben tauschen und Profile reparieren<\/h3>\n\n\n\n<div class=\"wp-block-media-text is-stacked-on-mobile\"><figure class=\"wp-block-media-text__media\"><img loading=\"lazy\" decoding=\"async\" width=\"400\" height=\"267\" src=\"https:\/\/www.lechner-service.at\/page\/wp-content\/uploads\/2023\/10\/iStock-857078686_bearbeitet.jpg\" alt=\"\" class=\"wp-image-294 size-full\" srcset=\"https:\/\/www.lechner-service.at\/page\/wp-content\/uploads\/2023\/10\/iStock-857078686_bearbeitet.jpg 400w, https:\/\/www.lechner-service.at\/page\/wp-content\/uploads\/2023\/10\/iStock-857078686_bearbeitet-300x200.jpg 300w\" sizes=\"auto, (max-width: 400px) 100vw, 400px\" \/><\/figure><div class=\"wp-block-media-text__content\">\n<p>Damit Sie lange Freude an Ihren Fenstern haben, sind intakte Glasscheiben sehr wichtig. Sollten Sie dort Sch\u00e4den beobachten, z\u00f6gern Sie nicht, uns zu&nbsp;<a href=\"https:\/\/www.lechner-service.at\/page\/kontakt\/\">kontaktieren<\/a>, damit wir die Scheiben&nbsp;<strong>schnellstm\u00f6glich austauschen<\/strong>&nbsp;k\u00f6nnen. F\u00fcr eine gute Isolierung sorgen die richtigen Beschl\u00e4ge. Auch auf das reibungslose \u00d6ffnen und Schlie\u00dfen der Fenster sollte geachtet werden. Bei defekten&nbsp;<strong>Kunststoffprofilen<\/strong>&nbsp;reparieren wir diese fachgerecht.<\/p>\n\n\n\n<p>Zu unserem Leistungsumfang geh\u00f6ren ebenfalls Ausbesserungsarbeiten an Alu-, Holz- und Kunststoffoberfl\u00e4chen. Handelt es sich um einen Versicherungsschaden,\u00a0<strong>rechnen wir direkt mit der Versicherung ab<\/strong>, sodass wir unseren Kunden den b\u00fcrokratischen Teil abnehmen.<\/p>\n<\/div><\/div>\n","protected":false},"excerpt":{"rendered":"<p>Glasscheiben tauschen und Profile reparieren Damit Sie lange Freude an Ihren Fenstern haben, sind intakte Glasscheiben sehr wichtig. Sollten Sie dort Sch\u00e4den beobachten, z\u00f6gern Sie nicht, uns zu&nbsp;kontaktieren, damit wir die Scheiben&nbsp;schnellstm\u00f6glich austauschen&nbsp;k\u00f6nnen. F\u00fcr eine gute Isolierung sorgen die richtigen Beschl\u00e4ge. Auch auf das reibungslose \u00d6ffnen und Schlie\u00dfen der Fenster sollte geachtet werden. Bei defekten&nbsp;Kunststoffprofilen&nbsp;reparieren &hellip;<\/p>\n<p class=\"read-more\"> <a class=\"\" href=\"https:\/\/www.lechner-service.at\/page\/glastausch\/\"> <span class=\"screen-reader-text\">Glastausch<\/span> Weiterlesen &raquo;<\/a><\/p>\n","protected":false},"author":1,"featured_media":0,"parent":0,"menu_order":0,"comment_status":"closed","ping_status":"closed","template":"","meta":{"_uag_custom_page_level_css":"","site-sidebar-layout":"default","site-content-layout":"","ast-site-content-layout":"","site-content-style":"default","site-sidebar-style":"default","ast-global-header-display":"","ast-banner-title-visibility":"","ast-main-header-display":"","ast-hfb-above-header-display":"","ast-hfb-below-header-display":"","ast-hfb-mobile-header-display":"","site-post-title":"","ast-breadcrumbs-content":"","ast-featured-img":"","footer-sml-layout":"","theme-transparent-header-meta":"","adv-header-id-meta":"","stick-header-meta":"","header-above-stick-meta":"","header-main-stick-meta":"","header-below-stick-meta":"","astra-migrate-meta-layouts":"default","ast-page-background-enabled":"default","ast-page-background-meta":{"desktop":{"background-color":"var(--ast-global-color-4)","background-image":"","background-repeat":"repeat","background-position":"center center","background-size":"auto","background-attachment":"scroll","background-type":"","background-media":"","overlay-type":"","overlay-color":"","overlay-gradient":""},"tablet":{"background-color":"","background-image":"","background-repeat":"repeat","background-position":"center center","background-size":"auto","background-attachment":"scroll","background-type":"","background-media":"","overlay-type":"","overlay-color":"","overlay-gradient":""},"mobile":{"background-color":"","background-image":"","background-repeat":"repeat","background-position":"center center","background-size":"auto","background-attachment":"scroll","background-type":"","background-media":"","overlay-type":"","overlay-color":"","overlay-gradient":""}},"ast-content-background-meta":{"desktop":{"background-color":"var(--ast-global-color-5)","background-image":"","background-repeat":"repeat","background-position":"center center","background-size":"auto","background-attachment":"scroll","background-type":"","background-media":"","overlay-type":"","overlay-color":"","overlay-gradient":""},"tablet":{"background-color":"var(--ast-global-color-5)","background-image":"","background-repeat":"repeat","background-position":"center center","background-size":"auto","background-attachment":"scroll","background-type":"","background-media":"","overlay-type":"","overlay-color":"","overlay-gradient":""},"mobile":{"background-color":"var(--ast-global-color-5)","background-image":"","background-repeat":"repeat","background-position":"center center","background-size":"auto","background-attachment":"scroll","background-type":"","background-media":"","overlay-type":"","overlay-color":"","overlay-gradient":""}},"footnotes":""},"class_list":["post-301","page","type-page","status-publish","hentry"],"aioseo_notices":[],"uagb_featured_image_src":{"full":false,"thumbnail":false,"medium":false,"medium_large":false,"large":false,"1536x1536":false,"2048x2048":false},"uagb_author_info":{"display_name":"admin","author_link":"https:\/\/www.lechner-service.at\/page\/author\/admin\/"},"uagb_comment_info":0,"uagb_excerpt":"Glasscheiben tauschen und Profile reparieren Damit Sie lange Freude an Ihren Fenstern haben, sind intakte Glasscheiben sehr wichtig. Sollten Sie dort Sch\u00e4den beobachten, z\u00f6gern Sie nicht, uns zu&nbsp;kontaktieren, damit wir die Scheiben&nbsp;schnellstm\u00f6glich austauschen&nbsp;k\u00f6nnen. F\u00fcr eine gute Isolierung sorgen die richtigen Beschl\u00e4ge. Auch auf das reibungslose \u00d6ffnen und Schlie\u00dfen der Fenster sollte geachtet werden. Bei defekten&nbsp;Kunststoffprofilen&nbsp;reparieren&hellip;","_links":{"self":[{"href":"https:\/\/www.lechner-service.at\/page\/wp-json\/wp\/v2\/pages\/301","targetHints":{"allow":["GET"]}}],"collection":[{"href":"https:\/\/www.lechner-service.at\/page\/wp-json\/wp\/v2\/pages"}],"about":[{"href":"https:\/\/www.lechner-service.at\/page\/wp-json\/wp\/v2\/types\/page"}],"author":[{"embeddable":true,"href":"https:\/\/www.lechner-service.at\/page\/wp-json\/wp\/v2\/users\/1"}],"replies":[{"embeddable":true,"href":"https:\/\/www.lechner-service.at\/page\/wp-json\/wp\/v2\/comments?post=301"}],"version-history":[{"count":2,"href":"https:\/\/www.lechner-service.at\/page\/wp-json\/wp\/v2\/pages\/301\/revisions"}],"predecessor-version":[{"id":317,"href":"https:\/\/www.lechner-service.at\/page\/wp-json\/wp\/v2\/pages\/301\/revisions\/317"}],"wp:attachment":[{"href":"https:\/\/www.lechner-service.at\/page\/wp-json\/wp\/v2\/media?parent=301"}],"curies":[{"name":"wp","href":"https:\/\/api.w.org\/{rel}","templated":true}]}}