{"id":284,"date":"2023-10-17T20:29:39","date_gmt":"2023-10-17T18:29:39","guid":{"rendered":"https:\/\/www.lechner-service.at\/page\/?page_id=284"},"modified":"2024-01-02T12:18:57","modified_gmt":"2024-01-02T11:18:57","slug":"sanierung","status":"publish","type":"page","link":"https:\/\/www.lechner-service.at\/page\/sanierung\/","title":{"rendered":"Sanierung"},"content":{"rendered":"\n<p>Wir freuen uns, Ihnen unseren Sanierungspartner f\u00fcr Holzfenster, <a href=\"https:\/\/www.dila-sanieren.at\/\" target=\"_blank\" rel=\"noopener\" title=\"DILA Sanierung\">DILA Sanierung<\/a>, vorzustellen. In Zusammenarbeit bieten wir Ihnen eine effektive und professionelle L\u00f6sung f\u00fcr die Sanierung von Holz- fenstern &amp; t\u00fcren sowie Winterg\u00e4rten an. Verlassen Sie sich auf die Expertise unseres Partners, um Ihre Holzfenster in neuem Glanz erstrahlen zu lassen.<\/p>\n\n\n\n<p><\/p>\n\n\n\n<div class=\"wp-block-media-text is-stacked-on-mobile\"><figure class=\"wp-block-media-text__media\"><img loading=\"lazy\" decoding=\"async\" width=\"460\" height=\"240\" src=\"https:\/\/www.lechner-service.at\/page\/wp-content\/uploads\/2024\/01\/dila-weblogo.png\" alt=\"\" class=\"wp-image-621 size-full\" srcset=\"https:\/\/www.lechner-service.at\/page\/wp-content\/uploads\/2024\/01\/dila-weblogo.png 460w, https:\/\/www.lechner-service.at\/page\/wp-content\/uploads\/2024\/01\/dila-weblogo-300x157.png 300w\" sizes=\"auto, (max-width: 460px) 100vw, 460px\" \/><\/figure><div class=\"wp-block-media-text__content\">\n<p>F\u00fcr mehr Informationen nehmen Sie bitte direkt mit unserem Partner Kontakt auf.<br><a href=\"https:\/\/www.dila-sanieren.at\/\">https:\/\/www.dila-sanieren.at\/<\/a><\/p>\n<\/div><\/div>\n","protected":false},"excerpt":{"rendered":"<p>Wir freuen uns, Ihnen unseren Sanierungspartner f\u00fcr Holzfenster, DILA Sanierung, vorzustellen. In Zusammenarbeit bieten wir Ihnen eine effektive und professionelle L\u00f6sung f\u00fcr die Sanierung von Holz- fenstern &amp; t\u00fcren sowie Winterg\u00e4rten an. Verlassen Sie sich auf die Expertise unseres Partners, um Ihre Holzfenster in neuem Glanz erstrahlen zu lassen. F\u00fcr mehr Informationen nehmen Sie bitte &hellip;<\/p>\n<p class=\"read-more\"> <a class=\"\" href=\"https:\/\/www.lechner-service.at\/page\/sanierung\/\"> <span class=\"screen-reader-text\">Sanierung<\/span> Weiterlesen &raquo;<\/a><\/p>\n","protected":false},"author":1,"featured_media":0,"parent":0,"menu_order":0,"comment_status":"closed","ping_status":"closed","template":"","meta":{"_uag_custom_page_level_css":"","site-sidebar-layout":"default","site-content-layout":"","ast-site-content-layout":"","site-content-style":"default","site-sidebar-style":"default","ast-global-header-display":"","ast-banner-title-visibility":"","ast-main-header-display":"","ast-hfb-above-header-display":"","ast-hfb-below-header-display":"","ast-hfb-mobile-header-display":"","site-post-title":"","ast-breadcrumbs-content":"","ast-featured-img":"","footer-sml-layout":"","theme-transparent-header-meta":"","adv-header-id-meta":"","stick-header-meta":"","header-above-stick-meta":"","header-main-stick-meta":"","header-below-stick-meta":"","astra-migrate-meta-layouts":"default","ast-page-background-enabled":"default","ast-page-background-meta":{"desktop":{"background-color":"var(--ast-global-color-4)","background-image":"","background-repeat":"repeat","background-position":"center center","background-size":"auto","background-attachment":"scroll","background-type":"","background-media":"","overlay-type":"","overlay-color":"","overlay-gradient":""},"tablet":{"background-color":"","background-image":"","background-repeat":"repeat","background-position":"center center","background-size":"auto","background-attachment":"scroll","background-type":"","background-media":"","overlay-type":"","overlay-color":"","overlay-gradient":""},"mobile":{"background-color":"","background-image":"","background-repeat":"repeat","background-position":"center center","background-size":"auto","background-attachment":"scroll","background-type":"","background-media":"","overlay-type":"","overlay-color":"","overlay-gradient":""}},"ast-content-background-meta":{"desktop":{"background-color":"var(--ast-global-color-5)","background-image":"","background-repeat":"repeat","background-position":"center center","background-size":"auto","background-attachment":"scroll","background-type":"","background-media":"","overlay-type":"","overlay-color":"","overlay-gradient":""},"tablet":{"background-color":"var(--ast-global-color-5)","background-image":"","background-repeat":"repeat","background-position":"center center","background-size":"auto","background-attachment":"scroll","background-type":"","background-media":"","overlay-type":"","overlay-color":"","overlay-gradient":""},"mobile":{"background-color":"var(--ast-global-color-5)","background-image":"","background-repeat":"repeat","background-position":"center center","background-size":"auto","background-attachment":"scroll","background-type":"","background-media":"","overlay-type":"","overlay-color":"","overlay-gradient":""}},"footnotes":""},"class_list":["post-284","page","type-page","status-publish","hentry"],"aioseo_notices":[],"uagb_featured_image_src":{"full":false,"thumbnail":false,"medium":false,"medium_large":false,"large":false,"1536x1536":false,"2048x2048":false},"uagb_author_info":{"display_name":"admin","author_link":"https:\/\/www.lechner-service.at\/page\/author\/admin\/"},"uagb_comment_info":0,"uagb_excerpt":"Wir freuen uns, Ihnen unseren Sanierungspartner f\u00fcr Holzfenster, DILA Sanierung, vorzustellen. In Zusammenarbeit bieten wir Ihnen eine effektive und professionelle L\u00f6sung f\u00fcr die Sanierung von Holz- fenstern &amp; t\u00fcren sowie Winterg\u00e4rten an. Verlassen Sie sich auf die Expertise unseres Partners, um Ihre Holzfenster in neuem Glanz erstrahlen zu lassen. F\u00fcr mehr Informationen nehmen Sie bitte&hellip;","_links":{"self":[{"href":"https:\/\/www.lechner-service.at\/page\/wp-json\/wp\/v2\/pages\/284","targetHints":{"allow":["GET"]}}],"collection":[{"href":"https:\/\/www.lechner-service.at\/page\/wp-json\/wp\/v2\/pages"}],"about":[{"href":"https:\/\/www.lechner-service.at\/page\/wp-json\/wp\/v2\/types\/page"}],"author":[{"embeddable":true,"href":"https:\/\/www.lechner-service.at\/page\/wp-json\/wp\/v2\/users\/1"}],"replies":[{"embeddable":true,"href":"https:\/\/www.lechner-service.at\/page\/wp-json\/wp\/v2\/comments?post=284"}],"version-history":[{"count":5,"href":"https:\/\/www.lechner-service.at\/page\/wp-json\/wp\/v2\/pages\/284\/revisions"}],"predecessor-version":[{"id":625,"href":"https:\/\/www.lechner-service.at\/page\/wp-json\/wp\/v2\/pages\/284\/revisions\/625"}],"wp:attachment":[{"href":"https:\/\/www.lechner-service.at\/page\/wp-json\/wp\/v2\/media?parent=284"}],"curies":[{"name":"wp","href":"https:\/\/api.w.org\/{rel}","templated":true}]}}