{"id":255,"date":"2023-10-11T11:48:56","date_gmt":"2023-10-11T09:48:56","guid":{"rendered":"https:\/\/www.lechner-service.at\/page\/?page_id=255"},"modified":"2024-03-24T13:51:47","modified_gmt":"2024-03-24T12:51:47","slug":"innen","status":"publish","type":"page","link":"https:\/\/www.lechner-service.at\/page\/innen\/","title":{"rendered":"Innen"},"content":{"rendered":"\n<p>Die Innenbeschattung ist eine Methode, um das Eindringen von Sonnenlicht und W\u00e4rme in Innenr\u00e4ume zu reduzieren. Sie wird in erster Linie in Wohn- und B\u00fcrogeb\u00e4uden eingesetzt, um den Raum k\u00fchl und angenehm zu halten und den Einsatz von Klimatisierungssystemen zu minimieren. Es gibt verschiedene Arten der Innenbeschattung, darunter <strong><a href=\"https:\/\/www.lechner-service.at\/page\/innenjaloisien\/\">Jalousien<\/a>, <a href=\"https:\/\/www.lechner-service.at\/page\/faltstore-rollos\/\">Rollos \/ Plissees<\/a>, <a href=\"https:\/\/www.lechner-service.at\/page\/vertikaljalousien\/\">Vertikaljalousien <\/a>und <a href=\"https:\/\/www.lechner-service.at\/page\/flaechenvorhaenge\/\">Lamellenvorh\u00e4nge<\/a><\/strong>. Diese werden an den Fenstern angebracht und k\u00f6nnen je nach Bedarf ge\u00f6ffnet oder geschlossen werden, um den Lichteinfall zu regulieren.<\/p>\n\n\n\n<p>Die Innenbeschattung bietet verschiedene Vorteile. Sie kann die Sonneneinstrahlung stark reduzieren und so die Raumtemperatur senken. Dadurch wird der Bedarf an K\u00fchlung verringert, was Energie und Kosten spart. Dar\u00fcber hinaus sch\u00fctzt die Innenbeschattung vor Blendung und UV-Strahlung, was die Lebensdauer von M\u00f6beln, Bodenbel\u00e4gen und anderen Einrichtungsgegenst\u00e4nden erh\u00f6ht.<\/p>\n\n\n\n<p>Die Wahl der richtigen Innenbeschattung h\u00e4ngt von verschiedenen Faktoren ab, wie beispielsweise dem gew\u00fcnschten Grad der Lichtdurchl\u00e4ssigkeit, dem Design des Raums und dem Einsatzbereich. Es gibt eine Vielzahl von Materialien, Farben und Mustern zur Auswahl, um den individuellen Bed\u00fcrfnissen und Vorlieben gerecht zu werden. Insgesamt erm\u00f6glicht die Innenbeschattung eine effektive Kontrolle des Lichteinfalls und der Raumtemperatur, und tr\u00e4gt somit zu einem angenehmen und energieeffizienten&nbsp;Raumklima&nbsp;bei.<\/p>\n","protected":false},"excerpt":{"rendered":"<p>Die Innenbeschattung ist eine Methode, um das Eindringen von Sonnenlicht und W\u00e4rme in Innenr\u00e4ume zu reduzieren. Sie wird in erster Linie in Wohn- und B\u00fcrogeb\u00e4uden eingesetzt, um den Raum k\u00fchl und angenehm zu halten und den Einsatz von Klimatisierungssystemen zu minimieren. Es gibt verschiedene Arten der Innenbeschattung, darunter Jalousien, Rollos \/ Plissees, Vertikaljalousien und Lamellenvorh\u00e4nge. &hellip;<\/p>\n<p class=\"read-more\"> <a class=\"\" href=\"https:\/\/www.lechner-service.at\/page\/innen\/\"> <span class=\"screen-reader-text\">Innen<\/span> Weiterlesen &raquo;<\/a><\/p>\n","protected":false},"author":1,"featured_media":0,"parent":0,"menu_order":0,"comment_status":"closed","ping_status":"closed","template":"","meta":{"_uag_custom_page_level_css":"","site-sidebar-layout":"default","site-content-layout":"","ast-site-content-layout":"","site-content-style":"default","site-sidebar-style":"default","ast-global-header-display":"","ast-banner-title-visibility":"","ast-main-header-display":"","ast-hfb-above-header-display":"","ast-hfb-below-header-display":"","ast-hfb-mobile-header-display":"","site-post-title":"","ast-breadcrumbs-content":"","ast-featured-img":"","footer-sml-layout":"","theme-transparent-header-meta":"","adv-header-id-meta":"","stick-header-meta":"","header-above-stick-meta":"","header-main-stick-meta":"","header-below-stick-meta":"","astra-migrate-meta-layouts":"default","ast-page-background-enabled":"default","ast-page-background-meta":{"desktop":{"background-color":"var(--ast-global-color-4)","background-image":"","background-repeat":"repeat","background-position":"center center","background-size":"auto","background-attachment":"scroll","background-type":"","background-media":"","overlay-type":"","overlay-color":"","overlay-gradient":""},"tablet":{"background-color":"","background-image":"","background-repeat":"repeat","background-position":"center center","background-size":"auto","background-attachment":"scroll","background-type":"","background-media":"","overlay-type":"","overlay-color":"","overlay-gradient":""},"mobile":{"background-color":"","background-image":"","background-repeat":"repeat","background-position":"center center","background-size":"auto","background-attachment":"scroll","background-type":"","background-media":"","overlay-type":"","overlay-color":"","overlay-gradient":""}},"ast-content-background-meta":{"desktop":{"background-color":"var(--ast-global-color-5)","background-image":"","background-repeat":"repeat","background-position":"center center","background-size":"auto","background-attachment":"scroll","background-type":"","background-media":"","overlay-type":"","overlay-color":"","overlay-gradient":""},"tablet":{"background-color":"var(--ast-global-color-5)","background-image":"","background-repeat":"repeat","background-position":"center center","background-size":"auto","background-attachment":"scroll","background-type":"","background-media":"","overlay-type":"","overlay-color":"","overlay-gradient":""},"mobile":{"background-color":"var(--ast-global-color-5)","background-image":"","background-repeat":"repeat","background-position":"center center","background-size":"auto","background-attachment":"scroll","background-type":"","background-media":"","overlay-type":"","overlay-color":"","overlay-gradient":""}},"footnotes":""},"class_list":["post-255","page","type-page","status-publish","hentry"],"aioseo_notices":[],"uagb_featured_image_src":{"full":false,"thumbnail":false,"medium":false,"medium_large":false,"large":false,"1536x1536":false,"2048x2048":false},"uagb_author_info":{"display_name":"admin","author_link":"https:\/\/www.lechner-service.at\/page\/author\/admin\/"},"uagb_comment_info":0,"uagb_excerpt":"Die Innenbeschattung ist eine Methode, um das Eindringen von Sonnenlicht und W\u00e4rme in Innenr\u00e4ume zu reduzieren. Sie wird in erster Linie in Wohn- und B\u00fcrogeb\u00e4uden eingesetzt, um den Raum k\u00fchl und angenehm zu halten und den Einsatz von Klimatisierungssystemen zu minimieren. Es gibt verschiedene Arten der Innenbeschattung, darunter Jalousien, Rollos \/ Plissees, Vertikaljalousien und Lamellenvorh\u00e4nge.&hellip;","_links":{"self":[{"href":"https:\/\/www.lechner-service.at\/page\/wp-json\/wp\/v2\/pages\/255","targetHints":{"allow":["GET"]}}],"collection":[{"href":"https:\/\/www.lechner-service.at\/page\/wp-json\/wp\/v2\/pages"}],"about":[{"href":"https:\/\/www.lechner-service.at\/page\/wp-json\/wp\/v2\/types\/page"}],"author":[{"embeddable":true,"href":"https:\/\/www.lechner-service.at\/page\/wp-json\/wp\/v2\/users\/1"}],"replies":[{"embeddable":true,"href":"https:\/\/www.lechner-service.at\/page\/wp-json\/wp\/v2\/comments?post=255"}],"version-history":[{"count":5,"href":"https:\/\/www.lechner-service.at\/page\/wp-json\/wp\/v2\/pages\/255\/revisions"}],"predecessor-version":[{"id":677,"href":"https:\/\/www.lechner-service.at\/page\/wp-json\/wp\/v2\/pages\/255\/revisions\/677"}],"wp:attachment":[{"href":"https:\/\/www.lechner-service.at\/page\/wp-json\/wp\/v2\/media?parent=255"}],"curies":[{"name":"wp","href":"https:\/\/api.w.org\/{rel}","templated":true}]}}