{"id":253,"date":"2023-10-11T11:48:47","date_gmt":"2023-10-11T09:48:47","guid":{"rendered":"https:\/\/www.lechner-service.at\/page\/?page_id=253"},"modified":"2024-03-24T14:00:26","modified_gmt":"2024-03-24T13:00:26","slug":"aussen","status":"publish","type":"page","link":"https:\/\/www.lechner-service.at\/page\/aussen\/","title":{"rendered":"Au\u00dfen"},"content":{"rendered":"\n<p>Entdecken Sie unsere hochwertigen Au\u00dfenbeschattungsl\u00f6sungen f\u00fcr Ihre Fenster und Terrassen! Unsere <a href=\"https:\/\/www.lechner-service.at\/page\/senktrechtmarkisen\/\" title=\"Senktrechtmarkisen\/ZIP\">Senkrechtmarkisen\/ZIP Anlagen<\/a>, <a href=\"https:\/\/www.lechner-service.at\/page\/rolllaeden\/\" title=\"Rolll\u00e4den\">Rolll\u00e4den<\/a>, <a href=\"https:\/\/www.lechner-service.at\/page\/raffstore\/\" title=\"Raffstore\">Raffstores<\/a>, <a href=\"https:\/\/www.lechner-service.at\/page\/aussenjalousien\/\" title=\"Au\u00dfenjalousien\">Au\u00dfenjalousien <\/a>und <a href=\"https:\/\/www.lechner-service.at\/page\/fensterladen\/\" title=\"Fensterladen\">Fensterl\u00e4den <\/a>bieten nicht nur optimalen Sonnen- und Sichtschutz, sondern auch eine stilvolle und funktionale Erg\u00e4nzung f\u00fcr\u00a0Ihr\u00a0Zuhause.<\/p>\n\n\n\n<p>Der Au\u00dfensonnenschutz tr\u00e4gt wesentlich dazu bei, das Raumklima angenehm zu gestalten und den Energieverbrauch zu reduzieren. Durch den gezielten Einsatz von Au\u00dfensonnenschutzvorrichtungen kann die Nutzung von Klimaanlagen oder anderen K\u00fchlungssystemen verringert und somit Energie gespart werden. Zudem wird die Wohn- und Arbeitsqualit\u00e4t in den R\u00e4umen deutlich verbessert, da direkte Sonneneinstrahlung und die damit verbundene Blendung nicht&nbsp;mehr&nbsp;st\u00f6ren.<\/p>\n","protected":false},"excerpt":{"rendered":"<p>Entdecken Sie unsere hochwertigen Au\u00dfenbeschattungsl\u00f6sungen f\u00fcr Ihre Fenster und Terrassen! Unsere Senkrechtmarkisen\/ZIP Anlagen, Rolll\u00e4den, Raffstores, Au\u00dfenjalousien und Fensterl\u00e4den bieten nicht nur optimalen Sonnen- und Sichtschutz, sondern auch eine stilvolle und funktionale Erg\u00e4nzung f\u00fcr\u00a0Ihr\u00a0Zuhause. Der Au\u00dfensonnenschutz tr\u00e4gt wesentlich dazu bei, das Raumklima angenehm zu gestalten und den Energieverbrauch zu reduzieren. Durch den gezielten Einsatz von Au\u00dfensonnenschutzvorrichtungen &hellip;<\/p>\n<p class=\"read-more\"> <a class=\"\" href=\"https:\/\/www.lechner-service.at\/page\/aussen\/\"> <span class=\"screen-reader-text\">Au\u00dfen<\/span> Weiterlesen &raquo;<\/a><\/p>\n","protected":false},"author":1,"featured_media":0,"parent":0,"menu_order":0,"comment_status":"closed","ping_status":"closed","template":"","meta":{"_uag_custom_page_level_css":"","site-sidebar-layout":"default","site-content-layout":"","ast-site-content-layout":"","site-content-style":"default","site-sidebar-style":"default","ast-global-header-display":"","ast-banner-title-visibility":"","ast-main-header-display":"","ast-hfb-above-header-display":"","ast-hfb-below-header-display":"","ast-hfb-mobile-header-display":"","site-post-title":"","ast-breadcrumbs-content":"","ast-featured-img":"","footer-sml-layout":"","theme-transparent-header-meta":"","adv-header-id-meta":"","stick-header-meta":"","header-above-stick-meta":"","header-main-stick-meta":"","header-below-stick-meta":"","astra-migrate-meta-layouts":"default","ast-page-background-enabled":"default","ast-page-background-meta":{"desktop":{"background-color":"var(--ast-global-color-4)","background-image":"","background-repeat":"repeat","background-position":"center center","background-size":"auto","background-attachment":"scroll","background-type":"","background-media":"","overlay-type":"","overlay-color":"","overlay-gradient":""},"tablet":{"background-color":"","background-image":"","background-repeat":"repeat","background-position":"center center","background-size":"auto","background-attachment":"scroll","background-type":"","background-media":"","overlay-type":"","overlay-color":"","overlay-gradient":""},"mobile":{"background-color":"","background-image":"","background-repeat":"repeat","background-position":"center center","background-size":"auto","background-attachment":"scroll","background-type":"","background-media":"","overlay-type":"","overlay-color":"","overlay-gradient":""}},"ast-content-background-meta":{"desktop":{"background-color":"var(--ast-global-color-5)","background-image":"","background-repeat":"repeat","background-position":"center center","background-size":"auto","background-attachment":"scroll","background-type":"","background-media":"","overlay-type":"","overlay-color":"","overlay-gradient":""},"tablet":{"background-color":"var(--ast-global-color-5)","background-image":"","background-repeat":"repeat","background-position":"center center","background-size":"auto","background-attachment":"scroll","background-type":"","background-media":"","overlay-type":"","overlay-color":"","overlay-gradient":""},"mobile":{"background-color":"var(--ast-global-color-5)","background-image":"","background-repeat":"repeat","background-position":"center center","background-size":"auto","background-attachment":"scroll","background-type":"","background-media":"","overlay-type":"","overlay-color":"","overlay-gradient":""}},"footnotes":""},"class_list":["post-253","page","type-page","status-publish","hentry"],"aioseo_notices":[],"uagb_featured_image_src":{"full":false,"thumbnail":false,"medium":false,"medium_large":false,"large":false,"1536x1536":false,"2048x2048":false},"uagb_author_info":{"display_name":"admin","author_link":"https:\/\/www.lechner-service.at\/page\/author\/admin\/"},"uagb_comment_info":0,"uagb_excerpt":"Entdecken Sie unsere hochwertigen Au\u00dfenbeschattungsl\u00f6sungen f\u00fcr Ihre Fenster und Terrassen! Unsere Senkrechtmarkisen\/ZIP Anlagen, Rolll\u00e4den, Raffstores, Au\u00dfenjalousien und Fensterl\u00e4den bieten nicht nur optimalen Sonnen- und Sichtschutz, sondern auch eine stilvolle und funktionale Erg\u00e4nzung f\u00fcr\u00a0Ihr\u00a0Zuhause. Der Au\u00dfensonnenschutz tr\u00e4gt wesentlich dazu bei, das Raumklima angenehm zu gestalten und den Energieverbrauch zu reduzieren. Durch den gezielten Einsatz von Au\u00dfensonnenschutzvorrichtungen&hellip;","_links":{"self":[{"href":"https:\/\/www.lechner-service.at\/page\/wp-json\/wp\/v2\/pages\/253","targetHints":{"allow":["GET"]}}],"collection":[{"href":"https:\/\/www.lechner-service.at\/page\/wp-json\/wp\/v2\/pages"}],"about":[{"href":"https:\/\/www.lechner-service.at\/page\/wp-json\/wp\/v2\/types\/page"}],"author":[{"embeddable":true,"href":"https:\/\/www.lechner-service.at\/page\/wp-json\/wp\/v2\/users\/1"}],"replies":[{"embeddable":true,"href":"https:\/\/www.lechner-service.at\/page\/wp-json\/wp\/v2\/comments?post=253"}],"version-history":[{"count":5,"href":"https:\/\/www.lechner-service.at\/page\/wp-json\/wp\/v2\/pages\/253\/revisions"}],"predecessor-version":[{"id":683,"href":"https:\/\/www.lechner-service.at\/page\/wp-json\/wp\/v2\/pages\/253\/revisions\/683"}],"wp:attachment":[{"href":"https:\/\/www.lechner-service.at\/page\/wp-json\/wp\/v2\/media?parent=253"}],"curies":[{"name":"wp","href":"https:\/\/api.w.org\/{rel}","templated":true}]}}