{"id":251,"date":"2023-10-11T11:48:37","date_gmt":"2023-10-11T09:48:37","guid":{"rendered":"https:\/\/www.lechner-service.at\/page\/?page_id=251"},"modified":"2023-11-11T16:22:30","modified_gmt":"2023-11-11T15:22:30","slug":"terrasse","status":"publish","type":"page","link":"https:\/\/www.lechner-service.at\/page\/terrasse\/","title":{"rendered":"Terrasse"},"content":{"rendered":"\n<p>Die Beschattung auf der Terrasse ist ein wichtiger Aspekt, um das Wohlbefinden und den Komfort im Freien zu gew\u00e4hrleisten. Sie dient nicht nur dem Schutz vor Sonnenstrahlen, sondern auch vor unangenehmer Hitze oder neugierigen Blicken.<\/p>\n\n\n\n<p>Es gibt verschiedene M\u00f6glichkeiten der Beschattung, die je nach den individuellen Bed\u00fcrfnissen und dem vorhandenen Platz gew\u00e4hlt werden k\u00f6nnen. <\/p>\n\n\n\n<p>Eine M\u00f6glichkeit der Beschattung sind <strong><a href=\"https:\/\/www.lechner-service.at\/page\/gelenkarmmarkisen\/\" title=\"Markisen\">Markisen<\/a><\/strong>. Sie werden oft direkt am Haus befestigt und lassen sich per Hand oder mit einer Fernbedienung ausfahren. Markisen bieten eine gute M\u00f6glichkeit, gro\u00dfe Fl\u00e4chen abzudecken und k\u00f6nnen bei Bedarf komplett geschlossen werden, um einen vollst\u00e4ndigen Schutz vor Sonne und Blicken zu gew\u00e4hrleisten.<\/p>\n\n\n\n<p>Eine weitere Option sind <strong><a href=\"https:\/\/www.lechner-service.at\/page\/terrassendach\/\" title=\"Pergola\">Pergolen <\/a><\/strong>oder Pavillons. Sie bieten nicht nur Schutz vor Sonnenstrahlen bietet und eine angenehme Atmosph\u00e4re, sondern dienen auch als dekoratives Element auf der Terrasse. Ein weiterer Vorteil der Beschattung auf der Terrasse besteht darin, dass sie auch bei leichtem Regen Schutz bietet. So k\u00f6nnen Sie auch an regnerischen Tagen drau\u00dfen sitzen und die frische Luft genie\u00dfen, ohne dabei nass zu werden.<\/p>\n\n\n\n<p>Bei der Wahl der Beschattung sollten jedoch auch individuelle Bed\u00fcrfnisse und Gegebenheiten ber\u00fccksichtigt werden. So spielt beispielsweise die Ausrichtung der Terrasse eine wichtige Rolle, um den besten Schutz vor Sonnenstrahlen zu gew\u00e4hrleisten. Zudem sollte auch die Optik der Beschattungselemente mit dem Gesamtbild der Terrasse harmonieren.<\/p>\n","protected":false},"excerpt":{"rendered":"<p>Die Beschattung auf der Terrasse ist ein wichtiger Aspekt, um das Wohlbefinden und den Komfort im Freien zu gew\u00e4hrleisten. Sie dient nicht nur dem Schutz vor Sonnenstrahlen, sondern auch vor unangenehmer Hitze oder neugierigen Blicken. Es gibt verschiedene M\u00f6glichkeiten der Beschattung, die je nach den individuellen Bed\u00fcrfnissen und dem vorhandenen Platz gew\u00e4hlt werden k\u00f6nnen. Eine &hellip;<\/p>\n<p class=\"read-more\"> <a class=\"\" href=\"https:\/\/www.lechner-service.at\/page\/terrasse\/\"> <span class=\"screen-reader-text\">Terrasse<\/span> Weiterlesen &raquo;<\/a><\/p>\n","protected":false},"author":1,"featured_media":0,"parent":0,"menu_order":0,"comment_status":"closed","ping_status":"closed","template":"","meta":{"_uag_custom_page_level_css":"","site-sidebar-layout":"default","site-content-layout":"","ast-site-content-layout":"","site-content-style":"default","site-sidebar-style":"default","ast-global-header-display":"","ast-banner-title-visibility":"","ast-main-header-display":"","ast-hfb-above-header-display":"","ast-hfb-below-header-display":"","ast-hfb-mobile-header-display":"","site-post-title":"","ast-breadcrumbs-content":"","ast-featured-img":"","footer-sml-layout":"","theme-transparent-header-meta":"","adv-header-id-meta":"","stick-header-meta":"","header-above-stick-meta":"","header-main-stick-meta":"","header-below-stick-meta":"","astra-migrate-meta-layouts":"default","ast-page-background-enabled":"default","ast-page-background-meta":{"desktop":{"background-color":"var(--ast-global-color-4)","background-image":"","background-repeat":"repeat","background-position":"center center","background-size":"auto","background-attachment":"scroll","background-type":"","background-media":"","overlay-type":"","overlay-color":"","overlay-gradient":""},"tablet":{"background-color":"","background-image":"","background-repeat":"repeat","background-position":"center center","background-size":"auto","background-attachment":"scroll","background-type":"","background-media":"","overlay-type":"","overlay-color":"","overlay-gradient":""},"mobile":{"background-color":"","background-image":"","background-repeat":"repeat","background-position":"center center","background-size":"auto","background-attachment":"scroll","background-type":"","background-media":"","overlay-type":"","overlay-color":"","overlay-gradient":""}},"ast-content-background-meta":{"desktop":{"background-color":"var(--ast-global-color-5)","background-image":"","background-repeat":"repeat","background-position":"center center","background-size":"auto","background-attachment":"scroll","background-type":"","background-media":"","overlay-type":"","overlay-color":"","overlay-gradient":""},"tablet":{"background-color":"var(--ast-global-color-5)","background-image":"","background-repeat":"repeat","background-position":"center center","background-size":"auto","background-attachment":"scroll","background-type":"","background-media":"","overlay-type":"","overlay-color":"","overlay-gradient":""},"mobile":{"background-color":"var(--ast-global-color-5)","background-image":"","background-repeat":"repeat","background-position":"center center","background-size":"auto","background-attachment":"scroll","background-type":"","background-media":"","overlay-type":"","overlay-color":"","overlay-gradient":""}},"footnotes":""},"class_list":["post-251","page","type-page","status-publish","hentry"],"aioseo_notices":[],"uagb_featured_image_src":{"full":false,"thumbnail":false,"medium":false,"medium_large":false,"large":false,"1536x1536":false,"2048x2048":false},"uagb_author_info":{"display_name":"admin","author_link":"https:\/\/www.lechner-service.at\/page\/author\/admin\/"},"uagb_comment_info":0,"uagb_excerpt":"Die Beschattung auf der Terrasse ist ein wichtiger Aspekt, um das Wohlbefinden und den Komfort im Freien zu gew\u00e4hrleisten. Sie dient nicht nur dem Schutz vor Sonnenstrahlen, sondern auch vor unangenehmer Hitze oder neugierigen Blicken. Es gibt verschiedene M\u00f6glichkeiten der Beschattung, die je nach den individuellen Bed\u00fcrfnissen und dem vorhandenen Platz gew\u00e4hlt werden k\u00f6nnen. Eine&hellip;","_links":{"self":[{"href":"https:\/\/www.lechner-service.at\/page\/wp-json\/wp\/v2\/pages\/251","targetHints":{"allow":["GET"]}}],"collection":[{"href":"https:\/\/www.lechner-service.at\/page\/wp-json\/wp\/v2\/pages"}],"about":[{"href":"https:\/\/www.lechner-service.at\/page\/wp-json\/wp\/v2\/types\/page"}],"author":[{"embeddable":true,"href":"https:\/\/www.lechner-service.at\/page\/wp-json\/wp\/v2\/users\/1"}],"replies":[{"embeddable":true,"href":"https:\/\/www.lechner-service.at\/page\/wp-json\/wp\/v2\/comments?post=251"}],"version-history":[{"count":4,"href":"https:\/\/www.lechner-service.at\/page\/wp-json\/wp\/v2\/pages\/251\/revisions"}],"predecessor-version":[{"id":539,"href":"https:\/\/www.lechner-service.at\/page\/wp-json\/wp\/v2\/pages\/251\/revisions\/539"}],"wp:attachment":[{"href":"https:\/\/www.lechner-service.at\/page\/wp-json\/wp\/v2\/media?parent=251"}],"curies":[{"name":"wp","href":"https:\/\/api.w.org\/{rel}","templated":true}]}}