{"id":249,"date":"2023-10-11T11:46:12","date_gmt":"2023-10-11T09:46:12","guid":{"rendered":"https:\/\/www.lechner-service.at\/page\/?page_id=249"},"modified":"2023-11-24T10:39:22","modified_gmt":"2023-11-24T09:39:22","slug":"flaechenvorhaenge","status":"publish","type":"page","link":"https:\/\/www.lechner-service.at\/page\/flaechenvorhaenge\/","title":{"rendered":"Fl\u00e4chenvorh\u00e4nge"},"content":{"rendered":"\n<div class=\"wp-block-media-text is-stacked-on-mobile\" style=\"grid-template-columns:21% auto\"><figure class=\"wp-block-media-text__media\"><img loading=\"lazy\" decoding=\"async\" width=\"583\" height=\"1024\" src=\"https:\/\/www.lechner-service.at\/page\/wp-content\/uploads\/2023\/11\/leha-flaechenvorhang_freisteller-583x1024.jpg\" alt=\"\" class=\"wp-image-513 size-full\" srcset=\"https:\/\/www.lechner-service.at\/page\/wp-content\/uploads\/2023\/11\/leha-flaechenvorhang_freisteller-583x1024.jpg 583w, https:\/\/www.lechner-service.at\/page\/wp-content\/uploads\/2023\/11\/leha-flaechenvorhang_freisteller-171x300.jpg 171w, https:\/\/www.lechner-service.at\/page\/wp-content\/uploads\/2023\/11\/leha-flaechenvorhang_freisteller.jpg 660w\" sizes=\"auto, (max-width: 583px) 100vw, 583px\" \/><\/figure><div class=\"wp-block-media-text__content\">\n<p>Der Fl\u00e4chenvorhang hat viele Gesichter. Die Vielf\u00e4ltigkeit der Gestaltung, die Einsatzm\u00f6glichkeit in nahezu jedem innen liegenden Wohn- und Objektbereich machen ihn, neben all seinen technischen Vorz\u00fcgen, zu einem Produkt mit vielen M\u00f6glichkeiten. Schiebegardinen finden aber nicht nur an Fenstern oder T\u00fcren ihren Einsatz, sondern schaffen als Raumteiler auch neue Wohnr\u00e4ume.&nbsp;<\/p>\n<\/div><\/div>\n\n\n\t\t\t\t\t<div\n\t\t\t\t\t\tclass=\"wp-block-uagb-image-gallery uagb-block-188aa2d4     \"\n\t\t\t\t\t\tstyle=\"\"\n\t\t\t\t\t>\n\t\t\t\t\t\t\t\t\t\t\t<div class=\"spectra-image-gallery spectra-image-gallery__layout--grid spectra-image-gallery__layout--grid-col-5 spectra-image-gallery__layout--grid-col-tab-4 spectra-image-gallery__layout--grid-col-mob-4\">\n\t\t\t\t\t\t\t\t\t\t\t<div class='spectra-image-gallery__media-wrapper' data-spectra-gallery-image-id='591'>\n\t\t\t\t\t\t\t<div class=\"spectra-image-gallery__media spectra-image-gallery__media--grid\">\n\t\t\t\t<picture>\n\t\t\t\t\t<source media=\"(min-width: 1024px)\" srcset=\"https:\/\/www.lechner-service.at\/page\/wp-content\/uploads\/2023\/11\/Flaechenvorhang-11-1024x576.jpg\">\n\t\t\t\t\t<source media=\"(min-width: 768px)\" srcset=\"https:\/\/www.lechner-service.at\/page\/wp-content\/uploads\/2023\/11\/Flaechenvorhang-11-1024x576.jpg\">\n\t\t\t\t\t<img decoding=\"async\" class=\"spectra-image-gallery__media-thumbnail spectra-image-gallery__media-thumbnail--grid\" src=\"https:\/\/www.lechner-service.at\/page\/wp-content\/uploads\/2023\/11\/Flaechenvorhang-11-300x169.jpg\" alt=\"\" loading=\"lazy\" \/>\n\t\t\t\t<\/picture>\n\t\t\t\t<div class=\"spectra-image-gallery__media-thumbnail-blurrer\"><\/div>\n\t\t\t\t\t\t\t\t\t\t\t<div class=\"spectra-image-gallery__media-thumbnail-caption-wrapper spectra-image-gallery__media-thumbnail-caption-wrapper--overlay\">\n\t\t\t\t\t\t\t\t\t\t\t<div class=\"spectra-image-gallery__media-thumbnail-caption spectra-image-gallery__media-thumbnail-caption--overlay\">\n\t\t\t\t\tFl\u00e4chenvorhang f\u00e4rbig\t\t\t\t<\/div>\n\t\t\t\t\t\t\t\t\t\t<\/div>\n\t\t\t\t\t\t\t\t\t<\/div>\n\t\t\t\t\t\t<\/div>\n\t\t\t\t\t\t<div class='spectra-image-gallery__media-wrapper' data-spectra-gallery-image-id='592'>\n\t\t\t\t\t\t\t<div class=\"spectra-image-gallery__media spectra-image-gallery__media--grid\">\n\t\t\t\t<picture>\n\t\t\t\t\t<source media=\"(min-width: 1024px)\" srcset=\"https:\/\/www.lechner-service.at\/page\/wp-content\/uploads\/2023\/11\/FV_braun_m._Sonnenuntergang__1_-1024x668.jpg\">\n\t\t\t\t\t<source media=\"(min-width: 768px)\" srcset=\"https:\/\/www.lechner-service.at\/page\/wp-content\/uploads\/2023\/11\/FV_braun_m._Sonnenuntergang__1_-1024x668.jpg\">\n\t\t\t\t\t<img decoding=\"async\" class=\"spectra-image-gallery__media-thumbnail spectra-image-gallery__media-thumbnail--grid\" src=\"https:\/\/www.lechner-service.at\/page\/wp-content\/uploads\/2023\/11\/FV_braun_m._Sonnenuntergang__1_-300x196.jpg\" alt=\"\" loading=\"lazy\" \/>\n\t\t\t\t<\/picture>\n\t\t\t\t<div class=\"spectra-image-gallery__media-thumbnail-blurrer\"><\/div>\n\t\t\t\t\t\t\t\t\t\t\t<div class=\"spectra-image-gallery__media-thumbnail-caption-wrapper spectra-image-gallery__media-thumbnail-caption-wrapper--overlay\">\n\t\t\t\t\t\t\t\t\t\t\t<div class=\"spectra-image-gallery__media-thumbnail-caption spectra-image-gallery__media-thumbnail-caption--overlay\">\n\t\t\t\t\tFl\u00e4chenvorhang\t\t\t\t<\/div>\n\t\t\t\t\t\t\t\t\t\t<\/div>\n\t\t\t\t\t\t\t\t\t<\/div>\n\t\t\t\t\t\t<\/div>\n\t\t\t\t\t\t<div class='spectra-image-gallery__media-wrapper' data-spectra-gallery-image-id='590'>\n\t\t\t\t\t\t\t<div class=\"spectra-image-gallery__media spectra-image-gallery__media--grid\">\n\t\t\t\t<picture>\n\t\t\t\t\t<source media=\"(min-width: 1024px)\" srcset=\"https:\/\/www.lechner-service.at\/page\/wp-content\/uploads\/2023\/11\/Flaechenvorhang-13-1024x576.jpg\">\n\t\t\t\t\t<source media=\"(min-width: 768px)\" srcset=\"https:\/\/www.lechner-service.at\/page\/wp-content\/uploads\/2023\/11\/Flaechenvorhang-13-1024x576.jpg\">\n\t\t\t\t\t<img decoding=\"async\" class=\"spectra-image-gallery__media-thumbnail spectra-image-gallery__media-thumbnail--grid\" src=\"https:\/\/www.lechner-service.at\/page\/wp-content\/uploads\/2023\/11\/Flaechenvorhang-13-300x169.jpg\" alt=\"\" loading=\"lazy\" \/>\n\t\t\t\t<\/picture>\n\t\t\t\t<div class=\"spectra-image-gallery__media-thumbnail-blurrer\"><\/div>\n\t\t\t\t\t\t\t\t\t\t\t<div class=\"spectra-image-gallery__media-thumbnail-caption-wrapper spectra-image-gallery__media-thumbnail-caption-wrapper--overlay\">\n\t\t\t\t\t\t\t\t\t\t\t<div class=\"spectra-image-gallery__media-thumbnail-caption spectra-image-gallery__media-thumbnail-caption--overlay\">\n\t\t\t\t\tFl\u00e4chenvorhang\t\t\t\t<\/div>\n\t\t\t\t\t\t\t\t\t\t<\/div>\n\t\t\t\t\t\t\t\t\t<\/div>\n\t\t\t\t\t\t<\/div>\n\t\t\t\t\t\t<div class='spectra-image-gallery__media-wrapper' data-spectra-gallery-image-id='594'>\n\t\t\t\t\t\t\t<div class=\"spectra-image-gallery__media spectra-image-gallery__media--grid\">\n\t\t\t\t<picture>\n\t\t\t\t\t<source media=\"(min-width: 1024px)\" srcset=\"https:\/\/www.lechner-service.at\/page\/wp-content\/uploads\/2023\/11\/Flaechenvorhang-Rollo_0919_005-1024x683.jpg\">\n\t\t\t\t\t<source media=\"(min-width: 768px)\" srcset=\"https:\/\/www.lechner-service.at\/page\/wp-content\/uploads\/2023\/11\/Flaechenvorhang-Rollo_0919_005-1024x683.jpg\">\n\t\t\t\t\t<img decoding=\"async\" class=\"spectra-image-gallery__media-thumbnail spectra-image-gallery__media-thumbnail--grid\" src=\"https:\/\/www.lechner-service.at\/page\/wp-content\/uploads\/2023\/11\/Flaechenvorhang-Rollo_0919_005-300x200.jpg\" alt=\"\" loading=\"lazy\" \/>\n\t\t\t\t<\/picture>\n\t\t\t\t<div class=\"spectra-image-gallery__media-thumbnail-blurrer\"><\/div>\n\t\t\t\t\t\t\t\t\t\t\t<div class=\"spectra-image-gallery__media-thumbnail-caption-wrapper spectra-image-gallery__media-thumbnail-caption-wrapper--overlay\">\n\t\t\t\t\t\t\t\t\t\t\t<div class=\"spectra-image-gallery__media-thumbnail-caption spectra-image-gallery__media-thumbnail-caption--overlay\">\n\t\t\t\t\tFl\u00e4chenvorhang Rollo\t\t\t\t<\/div>\n\t\t\t\t\t\t\t\t\t\t<\/div>\n\t\t\t\t\t\t\t\t\t<\/div>\n\t\t\t\t\t\t<\/div>\n\t\t\t\t\t\t<div class='spectra-image-gallery__media-wrapper' data-spectra-gallery-image-id='595'>\n\t\t\t\t\t\t\t<div class=\"spectra-image-gallery__media spectra-image-gallery__media--grid\">\n\t\t\t\t<picture>\n\t\t\t\t\t<source media=\"(min-width: 1024px)\" srcset=\"https:\/\/www.lechner-service.at\/page\/wp-content\/uploads\/2023\/11\/Flaechenvorhang-Rollo_0919_016-1024x682.jpg\">\n\t\t\t\t\t<source media=\"(min-width: 768px)\" srcset=\"https:\/\/www.lechner-service.at\/page\/wp-content\/uploads\/2023\/11\/Flaechenvorhang-Rollo_0919_016-1024x682.jpg\">\n\t\t\t\t\t<img decoding=\"async\" class=\"spectra-image-gallery__media-thumbnail spectra-image-gallery__media-thumbnail--grid\" src=\"https:\/\/www.lechner-service.at\/page\/wp-content\/uploads\/2023\/11\/Flaechenvorhang-Rollo_0919_016-300x200.jpg\" alt=\"\" loading=\"lazy\" \/>\n\t\t\t\t<\/picture>\n\t\t\t\t<div class=\"spectra-image-gallery__media-thumbnail-blurrer\"><\/div>\n\t\t\t\t\t\t\t\t\t\t\t<div class=\"spectra-image-gallery__media-thumbnail-caption-wrapper spectra-image-gallery__media-thumbnail-caption-wrapper--overlay\">\n\t\t\t\t\t\t\t\t\t\t\t<div class=\"spectra-image-gallery__media-thumbnail-caption spectra-image-gallery__media-thumbnail-caption--overlay\">\n\t\t\t\t\tFl\u00e4chenvorhang Rollo\t\t\t\t<\/div>\n\t\t\t\t\t\t\t\t\t\t<\/div>\n\t\t\t\t\t\t\t\t\t<\/div>\n\t\t\t\t\t\t<\/div>\n\t\t\t\t\t\t\t\t\t\t<\/div>\n\t\t\t\t\t\t\t\t\t\t\t\t\t\t\t\t\t\t<\/div>\n\t\t\t\t\t\t\t\t\t\n\n\n<p><\/p>\n\n\n\n<p class=\"has-medium-font-size\"><strong>F\u00fcr eine individuelle Beratung, kontaktieren Sie uns einfach \u00fcber unser\u00a0<a href=\"https:\/\/www.lechner-service.at\/page\/kontakt\/\">Kontaktformular<\/a>.<\/strong><\/p>\n","protected":false},"excerpt":{"rendered":"<p>Der Fl\u00e4chenvorhang hat viele Gesichter. Die Vielf\u00e4ltigkeit der Gestaltung, die Einsatzm\u00f6glichkeit in nahezu jedem innen liegenden Wohn- und Objektbereich machen ihn, neben all seinen technischen Vorz\u00fcgen, zu einem Produkt mit vielen M\u00f6glichkeiten. Schiebegardinen finden aber nicht nur an Fenstern oder T\u00fcren ihren Einsatz, sondern schaffen als Raumteiler auch neue Wohnr\u00e4ume.&nbsp; F\u00fcr eine individuelle Beratung, kontaktieren &hellip;<\/p>\n<p class=\"read-more\"> <a class=\"\" href=\"https:\/\/www.lechner-service.at\/page\/flaechenvorhaenge\/\"> <span class=\"screen-reader-text\">Fl\u00e4chenvorh\u00e4nge<\/span> Weiterlesen &raquo;<\/a><\/p>\n","protected":false},"author":1,"featured_media":0,"parent":0,"menu_order":0,"comment_status":"closed","ping_status":"closed","template":"","meta":{"_uag_custom_page_level_css":"","site-sidebar-layout":"default","site-content-layout":"","ast-site-content-layout":"","site-content-style":"default","site-sidebar-style":"default","ast-global-header-display":"","ast-banner-title-visibility":"","ast-main-header-display":"","ast-hfb-above-header-display":"","ast-hfb-below-header-display":"","ast-hfb-mobile-header-display":"","site-post-title":"","ast-breadcrumbs-content":"","ast-featured-img":"","footer-sml-layout":"","theme-transparent-header-meta":"","adv-header-id-meta":"","stick-header-meta":"","header-above-stick-meta":"","header-main-stick-meta":"","header-below-stick-meta":"","astra-migrate-meta-layouts":"default","ast-page-background-enabled":"default","ast-page-background-meta":{"desktop":{"background-color":"var(--ast-global-color-4)","background-image":"","background-repeat":"repeat","background-position":"center center","background-size":"auto","background-attachment":"scroll","background-type":"","background-media":"","overlay-type":"","overlay-color":"","overlay-gradient":""},"tablet":{"background-color":"","background-image":"","background-repeat":"repeat","background-position":"center center","background-size":"auto","background-attachment":"scroll","background-type":"","background-media":"","overlay-type":"","overlay-color":"","overlay-gradient":""},"mobile":{"background-color":"","background-image":"","background-repeat":"repeat","background-position":"center center","background-size":"auto","background-attachment":"scroll","background-type":"","background-media":"","overlay-type":"","overlay-color":"","overlay-gradient":""}},"ast-content-background-meta":{"desktop":{"background-color":"var(--ast-global-color-5)","background-image":"","background-repeat":"repeat","background-position":"center center","background-size":"auto","background-attachment":"scroll","background-type":"","background-media":"","overlay-type":"","overlay-color":"","overlay-gradient":""},"tablet":{"background-color":"var(--ast-global-color-5)","background-image":"","background-repeat":"repeat","background-position":"center center","background-size":"auto","background-attachment":"scroll","background-type":"","background-media":"","overlay-type":"","overlay-color":"","overlay-gradient":""},"mobile":{"background-color":"var(--ast-global-color-5)","background-image":"","background-repeat":"repeat","background-position":"center center","background-size":"auto","background-attachment":"scroll","background-type":"","background-media":"","overlay-type":"","overlay-color":"","overlay-gradient":""}},"footnotes":""},"class_list":["post-249","page","type-page","status-publish","hentry"],"aioseo_notices":[],"uagb_featured_image_src":{"full":false,"thumbnail":false,"medium":false,"medium_large":false,"large":false,"1536x1536":false,"2048x2048":false},"uagb_author_info":{"display_name":"admin","author_link":"https:\/\/www.lechner-service.at\/page\/author\/admin\/"},"uagb_comment_info":0,"uagb_excerpt":"Der Fl\u00e4chenvorhang hat viele Gesichter. Die Vielf\u00e4ltigkeit der Gestaltung, die Einsatzm\u00f6glichkeit in nahezu jedem innen liegenden Wohn- und Objektbereich machen ihn, neben all seinen technischen Vorz\u00fcgen, zu einem Produkt mit vielen M\u00f6glichkeiten. Schiebegardinen finden aber nicht nur an Fenstern oder T\u00fcren ihren Einsatz, sondern schaffen als Raumteiler auch neue Wohnr\u00e4ume.&nbsp; F\u00fcr eine individuelle Beratung, kontaktieren&hellip;","_links":{"self":[{"href":"https:\/\/www.lechner-service.at\/page\/wp-json\/wp\/v2\/pages\/249","targetHints":{"allow":["GET"]}}],"collection":[{"href":"https:\/\/www.lechner-service.at\/page\/wp-json\/wp\/v2\/pages"}],"about":[{"href":"https:\/\/www.lechner-service.at\/page\/wp-json\/wp\/v2\/types\/page"}],"author":[{"embeddable":true,"href":"https:\/\/www.lechner-service.at\/page\/wp-json\/wp\/v2\/users\/1"}],"replies":[{"embeddable":true,"href":"https:\/\/www.lechner-service.at\/page\/wp-json\/wp\/v2\/comments?post=249"}],"version-history":[{"count":3,"href":"https:\/\/www.lechner-service.at\/page\/wp-json\/wp\/v2\/pages\/249\/revisions"}],"predecessor-version":[{"id":596,"href":"https:\/\/www.lechner-service.at\/page\/wp-json\/wp\/v2\/pages\/249\/revisions\/596"}],"wp:attachment":[{"href":"https:\/\/www.lechner-service.at\/page\/wp-json\/wp\/v2\/media?parent=249"}],"curies":[{"name":"wp","href":"https:\/\/api.w.org\/{rel}","templated":true}]}}