{"id":247,"date":"2023-10-11T11:45:55","date_gmt":"2023-10-11T09:45:55","guid":{"rendered":"https:\/\/www.lechner-service.at\/page\/?page_id=247"},"modified":"2023-11-24T10:33:46","modified_gmt":"2023-11-24T09:33:46","slug":"vertikaljalousien","status":"publish","type":"page","link":"https:\/\/www.lechner-service.at\/page\/vertikaljalousien\/","title":{"rendered":"Vertikaljalousien"},"content":{"rendered":"\n<div class=\"wp-block-media-text is-stacked-on-mobile\" style=\"grid-template-columns:15% auto\"><figure class=\"wp-block-media-text__media\"><img loading=\"lazy\" decoding=\"async\" width=\"583\" height=\"1024\" src=\"https:\/\/www.lechner-service.at\/page\/wp-content\/uploads\/2023\/11\/leha-vertikaljalousie_freisteller-583x1024.jpg\" alt=\"\" class=\"wp-image-509 size-full\" srcset=\"https:\/\/www.lechner-service.at\/page\/wp-content\/uploads\/2023\/11\/leha-vertikaljalousie_freisteller-583x1024.jpg 583w, https:\/\/www.lechner-service.at\/page\/wp-content\/uploads\/2023\/11\/leha-vertikaljalousie_freisteller-171x300.jpg 171w, https:\/\/www.lechner-service.at\/page\/wp-content\/uploads\/2023\/11\/leha-vertikaljalousie_freisteller.jpg 660w\" sizes=\"auto, (max-width: 583px) 100vw, 583px\" \/><\/figure><div class=\"wp-block-media-text__content\">\n<p>Wie ein Raum an Raum gewinnt? Durch die Betonung der Vertikale. Diesem einfachen Gesetz folgt die Vertikaljalousie und schafft durch ihre gro\u00dfz\u00fcgigen Lamellen ein Gef\u00fchl der Grenzenlosigkeit. Durch die minimalistische Formensprache verbindet die Vertikaljalousie solide Stabilit\u00e4t mit puristischem \u00c4u\u00dferem. Funktional sorgen die Lamellenvorh\u00e4nge f\u00fcr maximalen Sonnen- und Hitzeschutz, wobei der Sichtkontakt nach au\u00dfen erhalten bleibt und das Streulicht f\u00fcr eine angenehme Raumausleuchtung sorgt.<\/p>\n<\/div><\/div>\n\n\n\t\t\t\t\t<div\n\t\t\t\t\t\tclass=\"wp-block-uagb-image-gallery uagb-block-1a4b0c49     \"\n\t\t\t\t\t\tstyle=\"\"\n\t\t\t\t\t>\n\t\t\t\t\t\t\t\t\t\t\t<div class=\"spectra-image-gallery spectra-image-gallery__layout--tiled spectra-image-gallery__layout--tiled-col-4 spectra-image-gallery__layout--tiled-col-tab-4 spectra-image-gallery__layout--tiled-col-mob-4\">\n\t\t\t\t\t\t\t\t\t\t\t<div class='spectra-image-gallery__media-wrapper' data-spectra-gallery-image-id='585'>\n\t\t\t\t\t\t\t<div class=\"spectra-image-gallery__media spectra-image-gallery__media--tiled\">\n\t\t\t\t<picture>\n\t\t\t\t\t<source media=\"(min-width: 1024px)\" srcset=\"https:\/\/www.lechner-service.at\/page\/wp-content\/uploads\/2023\/11\/059W5160-1024x682.jpg\">\n\t\t\t\t\t<source media=\"(min-width: 768px)\" srcset=\"https:\/\/www.lechner-service.at\/page\/wp-content\/uploads\/2023\/11\/059W5160-1024x682.jpg\">\n\t\t\t\t\t<img decoding=\"async\" class=\"spectra-image-gallery__media-thumbnail spectra-image-gallery__media-thumbnail--tiled\" src=\"https:\/\/www.lechner-service.at\/page\/wp-content\/uploads\/2023\/11\/059W5160-300x200.jpg\" alt=\"\" loading=\"lazy\" \/>\n\t\t\t\t<\/picture>\n\t\t\t\t<div class=\"spectra-image-gallery__media-thumbnail-blurrer\"><\/div>\n\t\t\t\t\t\t\t\t\t\t\t<div class=\"spectra-image-gallery__media-thumbnail-caption-wrapper spectra-image-gallery__media-thumbnail-caption-wrapper--overlay\">\n\t\t\t\t\t\t\t\t\t\t\t<div class=\"spectra-image-gallery__media-thumbnail-caption spectra-image-gallery__media-thumbnail-caption--overlay\">\n\t\t\t\t\tverschieden Farben und Formen\t\t\t\t<\/div>\n\t\t\t\t\t\t\t\t\t\t<\/div>\n\t\t\t\t\t\t\t\t\t<\/div>\n\t\t\t\t\t\t<\/div>\n\t\t\t\t\t\t<div class='spectra-image-gallery__media-wrapper' data-spectra-gallery-image-id='586'>\n\t\t\t\t\t\t\t<div class=\"spectra-image-gallery__media spectra-image-gallery__media--tiled\">\n\t\t\t\t<picture>\n\t\t\t\t\t<source media=\"(min-width: 1024px)\" srcset=\"https:\/\/www.lechner-service.at\/page\/wp-content\/uploads\/2023\/11\/Vertikaljalousie_1219_021.jpg\">\n\t\t\t\t\t<source media=\"(min-width: 768px)\" srcset=\"https:\/\/www.lechner-service.at\/page\/wp-content\/uploads\/2023\/11\/Vertikaljalousie_1219_021.jpg\">\n\t\t\t\t\t<img decoding=\"async\" class=\"spectra-image-gallery__media-thumbnail spectra-image-gallery__media-thumbnail--tiled\" src=\"https:\/\/www.lechner-service.at\/page\/wp-content\/uploads\/2023\/11\/Vertikaljalousie_1219_021-225x300.jpg\" alt=\"\" loading=\"lazy\" \/>\n\t\t\t\t<\/picture>\n\t\t\t\t<div class=\"spectra-image-gallery__media-thumbnail-blurrer\"><\/div>\n\t\t\t\t\t\t\t\t\t\t\t<div class=\"spectra-image-gallery__media-thumbnail-caption-wrapper spectra-image-gallery__media-thumbnail-caption-wrapper--overlay\">\n\t\t\t\t\t\t\t\t\t\t\t<div class=\"spectra-image-gallery__media-thumbnail-caption spectra-image-gallery__media-thumbnail-caption--overlay\">\n\t\t\t\t\tAls Bahn oder Lamelle\t\t\t\t<\/div>\n\t\t\t\t\t\t\t\t\t\t<\/div>\n\t\t\t\t\t\t\t\t\t<\/div>\n\t\t\t\t\t\t<\/div>\n\t\t\t\t\t\t\t\t\t\t\t<div class=\"spectra-image-gallery__media-sizer\"><\/div>\n\t\t\t\t\t\t\t<\/div>\n\t\t\t\t\t\t\t\t\t\t\t<\/div>\n\t\t\t\t\t\t\t\t\t\n\n\n<p><\/p>\n\n\n\n<p class=\"has-text-align-left has-medium-font-size\"><strong>F\u00fcr eine individuelle Beratung, kontaktieren Sie uns einfach \u00fcber unser\u00a0<a href=\"https:\/\/www.lechner-service.at\/page\/kontakt\/\">Kontaktformular<\/a>.<\/strong><\/p>\n","protected":false},"excerpt":{"rendered":"<p>Wie ein Raum an Raum gewinnt? Durch die Betonung der Vertikale. Diesem einfachen Gesetz folgt die Vertikaljalousie und schafft durch ihre gro\u00dfz\u00fcgigen Lamellen ein Gef\u00fchl der Grenzenlosigkeit. Durch die minimalistische Formensprache verbindet die Vertikaljalousie solide Stabilit\u00e4t mit puristischem \u00c4u\u00dferem. Funktional sorgen die Lamellenvorh\u00e4nge f\u00fcr maximalen Sonnen- und Hitzeschutz, wobei der Sichtkontakt nach au\u00dfen erhalten bleibt &hellip;<\/p>\n<p class=\"read-more\"> <a class=\"\" href=\"https:\/\/www.lechner-service.at\/page\/vertikaljalousien\/\"> <span class=\"screen-reader-text\">Vertikaljalousien<\/span> Weiterlesen &raquo;<\/a><\/p>\n","protected":false},"author":1,"featured_media":0,"parent":0,"menu_order":0,"comment_status":"closed","ping_status":"closed","template":"","meta":{"_uag_custom_page_level_css":"","site-sidebar-layout":"default","site-content-layout":"","ast-site-content-layout":"","site-content-style":"default","site-sidebar-style":"default","ast-global-header-display":"","ast-banner-title-visibility":"","ast-main-header-display":"","ast-hfb-above-header-display":"","ast-hfb-below-header-display":"","ast-hfb-mobile-header-display":"","site-post-title":"","ast-breadcrumbs-content":"","ast-featured-img":"","footer-sml-layout":"","theme-transparent-header-meta":"","adv-header-id-meta":"","stick-header-meta":"","header-above-stick-meta":"","header-main-stick-meta":"","header-below-stick-meta":"","astra-migrate-meta-layouts":"default","ast-page-background-enabled":"default","ast-page-background-meta":{"desktop":{"background-color":"var(--ast-global-color-4)","background-image":"","background-repeat":"repeat","background-position":"center center","background-size":"auto","background-attachment":"scroll","background-type":"","background-media":"","overlay-type":"","overlay-color":"","overlay-gradient":""},"tablet":{"background-color":"","background-image":"","background-repeat":"repeat","background-position":"center center","background-size":"auto","background-attachment":"scroll","background-type":"","background-media":"","overlay-type":"","overlay-color":"","overlay-gradient":""},"mobile":{"background-color":"","background-image":"","background-repeat":"repeat","background-position":"center center","background-size":"auto","background-attachment":"scroll","background-type":"","background-media":"","overlay-type":"","overlay-color":"","overlay-gradient":""}},"ast-content-background-meta":{"desktop":{"background-color":"var(--ast-global-color-5)","background-image":"","background-repeat":"repeat","background-position":"center center","background-size":"auto","background-attachment":"scroll","background-type":"","background-media":"","overlay-type":"","overlay-color":"","overlay-gradient":""},"tablet":{"background-color":"var(--ast-global-color-5)","background-image":"","background-repeat":"repeat","background-position":"center center","background-size":"auto","background-attachment":"scroll","background-type":"","background-media":"","overlay-type":"","overlay-color":"","overlay-gradient":""},"mobile":{"background-color":"var(--ast-global-color-5)","background-image":"","background-repeat":"repeat","background-position":"center center","background-size":"auto","background-attachment":"scroll","background-type":"","background-media":"","overlay-type":"","overlay-color":"","overlay-gradient":""}},"footnotes":""},"class_list":["post-247","page","type-page","status-publish","hentry"],"aioseo_notices":[],"uagb_featured_image_src":{"full":false,"thumbnail":false,"medium":false,"medium_large":false,"large":false,"1536x1536":false,"2048x2048":false},"uagb_author_info":{"display_name":"admin","author_link":"https:\/\/www.lechner-service.at\/page\/author\/admin\/"},"uagb_comment_info":0,"uagb_excerpt":"Wie ein Raum an Raum gewinnt? Durch die Betonung der Vertikale. Diesem einfachen Gesetz folgt die Vertikaljalousie und schafft durch ihre gro\u00dfz\u00fcgigen Lamellen ein Gef\u00fchl der Grenzenlosigkeit. Durch die minimalistische Formensprache verbindet die Vertikaljalousie solide Stabilit\u00e4t mit puristischem \u00c4u\u00dferem. Funktional sorgen die Lamellenvorh\u00e4nge f\u00fcr maximalen Sonnen- und Hitzeschutz, wobei der Sichtkontakt nach au\u00dfen erhalten bleibt&hellip;","_links":{"self":[{"href":"https:\/\/www.lechner-service.at\/page\/wp-json\/wp\/v2\/pages\/247","targetHints":{"allow":["GET"]}}],"collection":[{"href":"https:\/\/www.lechner-service.at\/page\/wp-json\/wp\/v2\/pages"}],"about":[{"href":"https:\/\/www.lechner-service.at\/page\/wp-json\/wp\/v2\/types\/page"}],"author":[{"embeddable":true,"href":"https:\/\/www.lechner-service.at\/page\/wp-json\/wp\/v2\/users\/1"}],"replies":[{"embeddable":true,"href":"https:\/\/www.lechner-service.at\/page\/wp-json\/wp\/v2\/comments?post=247"}],"version-history":[{"count":5,"href":"https:\/\/www.lechner-service.at\/page\/wp-json\/wp\/v2\/pages\/247\/revisions"}],"predecessor-version":[{"id":589,"href":"https:\/\/www.lechner-service.at\/page\/wp-json\/wp\/v2\/pages\/247\/revisions\/589"}],"wp:attachment":[{"href":"https:\/\/www.lechner-service.at\/page\/wp-json\/wp\/v2\/media?parent=247"}],"curies":[{"name":"wp","href":"https:\/\/api.w.org\/{rel}","templated":true}]}}