{"id":245,"date":"2023-10-11T11:45:36","date_gmt":"2023-10-11T09:45:36","guid":{"rendered":"https:\/\/www.lechner-service.at\/page\/?page_id=245"},"modified":"2024-03-24T13:53:12","modified_gmt":"2024-03-24T12:53:12","slug":"innenjaloisien","status":"publish","type":"page","link":"https:\/\/www.lechner-service.at\/page\/innenjaloisien\/","title":{"rendered":"Innenjalousien"},"content":{"rendered":"\n<div class=\"wp-block-media-text is-stacked-on-mobile\" style=\"grid-template-columns:15% auto\"><figure class=\"wp-block-media-text__media\"><img loading=\"lazy\" decoding=\"async\" width=\"583\" height=\"1024\" src=\"https:\/\/www.lechner-service.at\/page\/wp-content\/uploads\/2023\/11\/leha-jalousie_freisteller-583x1024.jpg\" alt=\"\" class=\"wp-image-504 size-full\" srcset=\"https:\/\/www.lechner-service.at\/page\/wp-content\/uploads\/2023\/11\/leha-jalousie_freisteller-583x1024.jpg 583w, https:\/\/www.lechner-service.at\/page\/wp-content\/uploads\/2023\/11\/leha-jalousie_freisteller-171x300.jpg 171w, https:\/\/www.lechner-service.at\/page\/wp-content\/uploads\/2023\/11\/leha-jalousie_freisteller.jpg 660w\" sizes=\"auto, (max-width: 583px) 100vw, 583px\" \/><\/figure><div class=\"wp-block-media-text__content\">\n<p>Die Jalousie ist und bleibt ein zeitloser Klassiker. Aktuell wie eh und je begeistern die platzsparenden Langzeit-Lamellen aus Aluminium durch ihre Langlebigkeit und stufenlose Lichtregulierung. M\u00f6glicherweise ist es auch das charakteristische Spiel von Licht und Schatten, das&nbsp;durch die schwenkbaren Lamellen erzeugt wird und seit jeher Generationen begeistert.<\/p>\n<\/div><\/div>\n\n\n\n<div class=\"wp-block-media-text has-media-on-the-right is-stacked-on-mobile\" style=\"grid-template-columns:auto 15%\"><div class=\"wp-block-media-text__content\">\n<p>Holzjalousien f\u00fchlen sich einfach gut an. Nat\u00fcrlicher kann man den Lichteinfall schlie\u00dflich nicht regulieren. Edle Holzarten unterst\u00fctzen das naturnahe Wohngef\u00fchl und geben jedem Raum ein ganz spezielles warmes Licht. Im Interieur spielen die stilvollen Holzlamellen eine wichtige Rolle. Sie unterstreichen die Inneneinrichtung auf dezente Weise und verleihen dem Raum eine besondere Atmosph\u00e4re \u2013 von rustikal-erdig bis modern-elegant.<\/p>\n<\/div><figure class=\"wp-block-media-text__media\"><img loading=\"lazy\" decoding=\"async\" width=\"512\" height=\"1024\" src=\"https:\/\/www.lechner-service.at\/page\/wp-content\/uploads\/2023\/11\/Holzjalousie-von-LEHA-512x1024.webp\" alt=\"\" class=\"wp-image-505 size-full\" srcset=\"https:\/\/www.lechner-service.at\/page\/wp-content\/uploads\/2023\/11\/Holzjalousie-von-LEHA-512x1024.webp 512w, https:\/\/www.lechner-service.at\/page\/wp-content\/uploads\/2023\/11\/Holzjalousie-von-LEHA-150x300.webp 150w, https:\/\/www.lechner-service.at\/page\/wp-content\/uploads\/2023\/11\/Holzjalousie-von-LEHA-768x1536.webp 768w, https:\/\/www.lechner-service.at\/page\/wp-content\/uploads\/2023\/11\/Holzjalousie-von-LEHA-1024x2048.webp 1024w, https:\/\/www.lechner-service.at\/page\/wp-content\/uploads\/2023\/11\/Holzjalousie-von-LEHA.webp 1142w\" sizes=\"auto, (max-width: 512px) 100vw, 512px\" \/><\/figure><\/div>\n\n\n\n<div class=\"wp-block-columns is-layout-flex wp-container-core-columns-is-layout-28f84493 wp-block-columns-is-layout-flex\">\n<div class=\"wp-block-column is-layout-flow wp-block-column-is-layout-flow\" style=\"flex-basis:100%\">\t\t\t\t\t<div\n\t\t\t\t\t\tclass=\"wp-block-uagb-image-gallery uagb-block-6701e488     \"\n\t\t\t\t\t\tstyle=\"\"\n\t\t\t\t\t>\n\t\t\t\t\t\t\t\t\t\t\t<div class=\"spectra-image-gallery spectra-image-gallery__layout--tiled spectra-image-gallery__layout--tiled-col-4 spectra-image-gallery__layout--tiled-col-tab-4 spectra-image-gallery__layout--tiled-col-mob-4\">\n\t\t\t\t\t\t\t\t\t\t\t<div class='spectra-image-gallery__media-wrapper' data-spectra-gallery-image-id='578'>\n\t\t\t\t\t\t\t<div class=\"spectra-image-gallery__media spectra-image-gallery__media--tiled\">\n\t\t\t\t<picture>\n\t\t\t\t\t<source media=\"(min-width: 1024px)\" srcset=\"https:\/\/www.lechner-service.at\/page\/wp-content\/uploads\/2023\/11\/Innenjalousie_gruen.jpg\">\n\t\t\t\t\t<source media=\"(min-width: 768px)\" srcset=\"https:\/\/www.lechner-service.at\/page\/wp-content\/uploads\/2023\/11\/Innenjalousie_gruen-1024x653.jpg\">\n\t\t\t\t\t<img decoding=\"async\" class=\"spectra-image-gallery__media-thumbnail spectra-image-gallery__media-thumbnail--tiled\" src=\"https:\/\/www.lechner-service.at\/page\/wp-content\/uploads\/2023\/11\/Innenjalousie_gruen-300x191.jpg\" alt=\"\" loading=\"lazy\" \/>\n\t\t\t\t<\/picture>\n\t\t\t\t<div class=\"spectra-image-gallery__media-thumbnail-blurrer\"><\/div>\n\t\t\t\t\t\t\t\t\t\t\t<div class=\"spectra-image-gallery__media-thumbnail-caption-wrapper spectra-image-gallery__media-thumbnail-caption-wrapper--overlay\">\n\t\t\t\t\t\t\t\t\t\t\t<div class=\"spectra-image-gallery__media-thumbnail-caption spectra-image-gallery__media-thumbnail-caption--overlay\">\n\t\t\t\t\tModernes Disgn\t\t\t\t<\/div>\n\t\t\t\t\t\t\t\t\t\t<\/div>\n\t\t\t\t\t\t\t\t\t<\/div>\n\t\t\t\t\t\t<\/div>\n\t\t\t\t\t\t<div class='spectra-image-gallery__media-wrapper' data-spectra-gallery-image-id='579'>\n\t\t\t\t\t\t\t<div class=\"spectra-image-gallery__media spectra-image-gallery__media--tiled\">\n\t\t\t\t<picture>\n\t\t\t\t\t<source media=\"(min-width: 1024px)\" srcset=\"https:\/\/www.lechner-service.at\/page\/wp-content\/uploads\/2023\/11\/ID_Stimmung_21.jpg\">\n\t\t\t\t\t<source media=\"(min-width: 768px)\" srcset=\"https:\/\/www.lechner-service.at\/page\/wp-content\/uploads\/2023\/11\/ID_Stimmung_21-1024x682.jpg\">\n\t\t\t\t\t<img decoding=\"async\" class=\"spectra-image-gallery__media-thumbnail spectra-image-gallery__media-thumbnail--tiled\" src=\"https:\/\/www.lechner-service.at\/page\/wp-content\/uploads\/2023\/11\/ID_Stimmung_21-300x200.jpg\" alt=\"\" loading=\"lazy\" \/>\n\t\t\t\t<\/picture>\n\t\t\t\t<div class=\"spectra-image-gallery__media-thumbnail-blurrer\"><\/div>\n\t\t\t\t\t\t\t\t\t\t\t<div class=\"spectra-image-gallery__media-thumbnail-caption-wrapper spectra-image-gallery__media-thumbnail-caption-wrapper--overlay\">\n\t\t\t\t\t\t\t\t\t\t\t<div class=\"spectra-image-gallery__media-thumbnail-caption spectra-image-gallery__media-thumbnail-caption--overlay\">\n\t\t\t\t\tvielseitig einsetzbar\t\t\t\t<\/div>\n\t\t\t\t\t\t\t\t\t\t<\/div>\n\t\t\t\t\t\t\t\t\t<\/div>\n\t\t\t\t\t\t<\/div>\n\t\t\t\t\t\t\t\t\t\t\t<div class=\"spectra-image-gallery__media-sizer\"><\/div>\n\t\t\t\t\t\t\t<\/div>\n\t\t\t\t\t\t\t\t\t\t\t<\/div>\n\t\t\t\t\t\t\t\t\t<\/div>\n<\/div>\n\n\n\n<p class=\"has-medium-font-size\"><strong>F\u00fcr eine individuelle Beratung, kontaktieren Sie uns einfach \u00fcber unser&nbsp;<a href=\"https:\/\/www.lechner-service.at\/page\/kontakt\/\">Kontaktformular<\/a>.<\/strong><\/p>\n","protected":false},"excerpt":{"rendered":"<p>Die Jalousie ist und bleibt ein zeitloser Klassiker. Aktuell wie eh und je begeistern die platzsparenden Langzeit-Lamellen aus Aluminium durch ihre Langlebigkeit und stufenlose Lichtregulierung. M\u00f6glicherweise ist es auch das charakteristische Spiel von Licht und Schatten, das&nbsp;durch die schwenkbaren Lamellen erzeugt wird und seit jeher Generationen begeistert. Holzjalousien f\u00fchlen sich einfach gut an. Nat\u00fcrlicher kann &hellip;<\/p>\n<p class=\"read-more\"> <a class=\"\" href=\"https:\/\/www.lechner-service.at\/page\/innenjaloisien\/\"> <span class=\"screen-reader-text\">Innenjalousien<\/span> Weiterlesen &raquo;<\/a><\/p>\n","protected":false},"author":1,"featured_media":0,"parent":0,"menu_order":0,"comment_status":"closed","ping_status":"closed","template":"","meta":{"_uag_custom_page_level_css":"","site-sidebar-layout":"default","site-content-layout":"","ast-site-content-layout":"","site-content-style":"default","site-sidebar-style":"default","ast-global-header-display":"","ast-banner-title-visibility":"","ast-main-header-display":"","ast-hfb-above-header-display":"","ast-hfb-below-header-display":"","ast-hfb-mobile-header-display":"","site-post-title":"","ast-breadcrumbs-content":"","ast-featured-img":"","footer-sml-layout":"","theme-transparent-header-meta":"","adv-header-id-meta":"","stick-header-meta":"","header-above-stick-meta":"","header-main-stick-meta":"","header-below-stick-meta":"","astra-migrate-meta-layouts":"default","ast-page-background-enabled":"default","ast-page-background-meta":{"desktop":{"background-color":"var(--ast-global-color-4)","background-image":"","background-repeat":"repeat","background-position":"center center","background-size":"auto","background-attachment":"scroll","background-type":"","background-media":"","overlay-type":"","overlay-color":"","overlay-gradient":""},"tablet":{"background-color":"","background-image":"","background-repeat":"repeat","background-position":"center center","background-size":"auto","background-attachment":"scroll","background-type":"","background-media":"","overlay-type":"","overlay-color":"","overlay-gradient":""},"mobile":{"background-color":"","background-image":"","background-repeat":"repeat","background-position":"center center","background-size":"auto","background-attachment":"scroll","background-type":"","background-media":"","overlay-type":"","overlay-color":"","overlay-gradient":""}},"ast-content-background-meta":{"desktop":{"background-color":"var(--ast-global-color-5)","background-image":"","background-repeat":"repeat","background-position":"center center","background-size":"auto","background-attachment":"scroll","background-type":"","background-media":"","overlay-type":"","overlay-color":"","overlay-gradient":""},"tablet":{"background-color":"var(--ast-global-color-5)","background-image":"","background-repeat":"repeat","background-position":"center center","background-size":"auto","background-attachment":"scroll","background-type":"","background-media":"","overlay-type":"","overlay-color":"","overlay-gradient":""},"mobile":{"background-color":"var(--ast-global-color-5)","background-image":"","background-repeat":"repeat","background-position":"center center","background-size":"auto","background-attachment":"scroll","background-type":"","background-media":"","overlay-type":"","overlay-color":"","overlay-gradient":""}},"footnotes":""},"class_list":["post-245","page","type-page","status-publish","hentry"],"aioseo_notices":[],"uagb_featured_image_src":{"full":false,"thumbnail":false,"medium":false,"medium_large":false,"large":false,"1536x1536":false,"2048x2048":false},"uagb_author_info":{"display_name":"admin","author_link":"https:\/\/www.lechner-service.at\/page\/author\/admin\/"},"uagb_comment_info":0,"uagb_excerpt":"Die Jalousie ist und bleibt ein zeitloser Klassiker. Aktuell wie eh und je begeistern die platzsparenden Langzeit-Lamellen aus Aluminium durch ihre Langlebigkeit und stufenlose Lichtregulierung. M\u00f6glicherweise ist es auch das charakteristische Spiel von Licht und Schatten, das&nbsp;durch die schwenkbaren Lamellen erzeugt wird und seit jeher Generationen begeistert. Holzjalousien f\u00fchlen sich einfach gut an. Nat\u00fcrlicher kann&hellip;","_links":{"self":[{"href":"https:\/\/www.lechner-service.at\/page\/wp-json\/wp\/v2\/pages\/245","targetHints":{"allow":["GET"]}}],"collection":[{"href":"https:\/\/www.lechner-service.at\/page\/wp-json\/wp\/v2\/pages"}],"about":[{"href":"https:\/\/www.lechner-service.at\/page\/wp-json\/wp\/v2\/types\/page"}],"author":[{"embeddable":true,"href":"https:\/\/www.lechner-service.at\/page\/wp-json\/wp\/v2\/users\/1"}],"replies":[{"embeddable":true,"href":"https:\/\/www.lechner-service.at\/page\/wp-json\/wp\/v2\/comments?post=245"}],"version-history":[{"count":8,"href":"https:\/\/www.lechner-service.at\/page\/wp-json\/wp\/v2\/pages\/245\/revisions"}],"predecessor-version":[{"id":679,"href":"https:\/\/www.lechner-service.at\/page\/wp-json\/wp\/v2\/pages\/245\/revisions\/679"}],"wp:attachment":[{"href":"https:\/\/www.lechner-service.at\/page\/wp-json\/wp\/v2\/media?parent=245"}],"curies":[{"name":"wp","href":"https:\/\/api.w.org\/{rel}","templated":true}]}}