{"id":233,"date":"2023-10-11T11:44:05","date_gmt":"2023-10-11T09:44:05","guid":{"rendered":"https:\/\/www.lechner-service.at\/page\/?page_id=233"},"modified":"2024-01-03T09:49:14","modified_gmt":"2024-01-03T08:49:14","slug":"rolllaeden","status":"publish","type":"page","link":"https:\/\/www.lechner-service.at\/page\/rolllaeden\/","title":{"rendered":"Rolll\u00e4den"},"content":{"rendered":"\n<div class=\"wp-block-media-text is-stacked-on-mobile\" style=\"grid-template-columns:23% auto\"><figure class=\"wp-block-media-text__media\"><img loading=\"lazy\" decoding=\"async\" width=\"754\" height=\"1024\" src=\"https:\/\/www.lechner-service.at\/page\/wp-content\/uploads\/2024\/01\/Eurosun_Rolladen_20_Sichtkasten_230202-754x1024.jpg\" alt=\"\" class=\"wp-image-644 size-full\" srcset=\"https:\/\/www.lechner-service.at\/page\/wp-content\/uploads\/2024\/01\/Eurosun_Rolladen_20_Sichtkasten_230202-754x1024.jpg 754w, https:\/\/www.lechner-service.at\/page\/wp-content\/uploads\/2024\/01\/Eurosun_Rolladen_20_Sichtkasten_230202-221x300.jpg 221w, https:\/\/www.lechner-service.at\/page\/wp-content\/uploads\/2024\/01\/Eurosun_Rolladen_20_Sichtkasten_230202-768x1043.jpg 768w, https:\/\/www.lechner-service.at\/page\/wp-content\/uploads\/2024\/01\/Eurosun_Rolladen_20_Sichtkasten_230202.jpg 886w\" sizes=\"auto, (max-width: 754px) 100vw, 754px\" \/><\/figure><div class=\"wp-block-media-text__content\">\n<p class=\"has-text-align-left\">Rollladensysteme k\u00f6nnen viel mehr als Hell und Dunkel, denn dazwischen gibt es viele Varianten. <br>Der effiziente Sonnenschutz ist modernes Gestaltungselement f\u00fcr die Fassade, bietet Sicherheit, Komfort und steigert das Wohlgef\u00fchl im eigenen Zuhause.<\/p>\n<\/div><\/div>\n\n\n\n<p><\/p>\n\n\n\n<p>Vollautomatisiert oder manuell per Knopfdruck \u2013 Rolll\u00e4den halten die W\u00e4rme dort, wo sie hingeh\u00f6rt und helfen dabei, Energie zu sparen. Sie beeinflussen die Atmosph\u00e4re<br>und die Lichtstimmung in den R\u00e4umen und sch\u00fctzen vor Sommerhitze, L\u00e4rm, W\u00e4rmeverlust, Einbruch und unerw\u00fcnschten Einblicken. Neben der umfangreichen<br>Funktionalit\u00e4t der Rollladensysteme bieten sie zudem vielf\u00e4ltige Design- und Gestaltungsm\u00f6glichkeiten und werten die Optik jedes Geb\u00e4udes auf.<\/p>\n\n\n\n<figure class=\"wp-block-image aligncenter size-large\"><img loading=\"lazy\" decoding=\"async\" width=\"1024\" height=\"335\" src=\"https:\/\/www.lechner-service.at\/page\/wp-content\/uploads\/2023\/11\/Rollo2-1024x335.jpg\" alt=\"\" class=\"wp-image-461\" srcset=\"https:\/\/www.lechner-service.at\/page\/wp-content\/uploads\/2023\/11\/Rollo2-1024x335.jpg 1024w, https:\/\/www.lechner-service.at\/page\/wp-content\/uploads\/2023\/11\/Rollo2-300x98.jpg 300w, https:\/\/www.lechner-service.at\/page\/wp-content\/uploads\/2023\/11\/Rollo2-768x252.jpg 768w, https:\/\/www.lechner-service.at\/page\/wp-content\/uploads\/2023\/11\/Rollo2-1536x503.jpg 1536w, https:\/\/www.lechner-service.at\/page\/wp-content\/uploads\/2023\/11\/Rollo2-2048x671.jpg 2048w\" sizes=\"auto, (max-width: 1024px) 100vw, 1024px\" \/><\/figure>\n\n\n\n<p class=\"has-medium-font-size\"><strong>F\u00fcr eine individuelle Beratung, kontaktieren Sie uns einfach \u00fcber unser&nbsp;<a href=\"https:\/\/www.lechner-service.at\/page\/kontakt\/\">Kontaktformular<\/a>.<\/strong><\/p>\n","protected":false},"excerpt":{"rendered":"<p>Rollladensysteme k\u00f6nnen viel mehr als Hell und Dunkel, denn dazwischen gibt es viele Varianten. Der effiziente Sonnenschutz ist modernes Gestaltungselement f\u00fcr die Fassade, bietet Sicherheit, Komfort und steigert das Wohlgef\u00fchl im eigenen Zuhause. Vollautomatisiert oder manuell per Knopfdruck \u2013 Rolll\u00e4den halten die W\u00e4rme dort, wo sie hingeh\u00f6rt und helfen dabei, Energie zu sparen. Sie beeinflussen &hellip;<\/p>\n<p class=\"read-more\"> <a class=\"\" href=\"https:\/\/www.lechner-service.at\/page\/rolllaeden\/\"> <span class=\"screen-reader-text\">Rolll\u00e4den<\/span> Weiterlesen &raquo;<\/a><\/p>\n","protected":false},"author":1,"featured_media":0,"parent":0,"menu_order":0,"comment_status":"closed","ping_status":"closed","template":"","meta":{"_uag_custom_page_level_css":"","site-sidebar-layout":"default","site-content-layout":"","ast-site-content-layout":"","site-content-style":"default","site-sidebar-style":"default","ast-global-header-display":"","ast-banner-title-visibility":"","ast-main-header-display":"","ast-hfb-above-header-display":"","ast-hfb-below-header-display":"","ast-hfb-mobile-header-display":"","site-post-title":"","ast-breadcrumbs-content":"","ast-featured-img":"","footer-sml-layout":"","theme-transparent-header-meta":"","adv-header-id-meta":"","stick-header-meta":"","header-above-stick-meta":"","header-main-stick-meta":"","header-below-stick-meta":"","astra-migrate-meta-layouts":"default","ast-page-background-enabled":"default","ast-page-background-meta":{"desktop":{"background-color":"var(--ast-global-color-4)","background-image":"","background-repeat":"repeat","background-position":"center center","background-size":"auto","background-attachment":"scroll","background-type":"","background-media":"","overlay-type":"","overlay-color":"","overlay-gradient":""},"tablet":{"background-color":"","background-image":"","background-repeat":"repeat","background-position":"center center","background-size":"auto","background-attachment":"scroll","background-type":"","background-media":"","overlay-type":"","overlay-color":"","overlay-gradient":""},"mobile":{"background-color":"","background-image":"","background-repeat":"repeat","background-position":"center center","background-size":"auto","background-attachment":"scroll","background-type":"","background-media":"","overlay-type":"","overlay-color":"","overlay-gradient":""}},"ast-content-background-meta":{"desktop":{"background-color":"var(--ast-global-color-5)","background-image":"","background-repeat":"repeat","background-position":"center center","background-size":"auto","background-attachment":"scroll","background-type":"","background-media":"","overlay-type":"","overlay-color":"","overlay-gradient":""},"tablet":{"background-color":"var(--ast-global-color-5)","background-image":"","background-repeat":"repeat","background-position":"center center","background-size":"auto","background-attachment":"scroll","background-type":"","background-media":"","overlay-type":"","overlay-color":"","overlay-gradient":""},"mobile":{"background-color":"var(--ast-global-color-5)","background-image":"","background-repeat":"repeat","background-position":"center center","background-size":"auto","background-attachment":"scroll","background-type":"","background-media":"","overlay-type":"","overlay-color":"","overlay-gradient":""}},"footnotes":""},"class_list":["post-233","page","type-page","status-publish","hentry"],"aioseo_notices":[],"uagb_featured_image_src":{"full":false,"thumbnail":false,"medium":false,"medium_large":false,"large":false,"1536x1536":false,"2048x2048":false},"uagb_author_info":{"display_name":"admin","author_link":"https:\/\/www.lechner-service.at\/page\/author\/admin\/"},"uagb_comment_info":0,"uagb_excerpt":"Rollladensysteme k\u00f6nnen viel mehr als Hell und Dunkel, denn dazwischen gibt es viele Varianten. Der effiziente Sonnenschutz ist modernes Gestaltungselement f\u00fcr die Fassade, bietet Sicherheit, Komfort und steigert das Wohlgef\u00fchl im eigenen Zuhause. Vollautomatisiert oder manuell per Knopfdruck \u2013 Rolll\u00e4den halten die W\u00e4rme dort, wo sie hingeh\u00f6rt und helfen dabei, Energie zu sparen. Sie beeinflussen&hellip;","_links":{"self":[{"href":"https:\/\/www.lechner-service.at\/page\/wp-json\/wp\/v2\/pages\/233","targetHints":{"allow":["GET"]}}],"collection":[{"href":"https:\/\/www.lechner-service.at\/page\/wp-json\/wp\/v2\/pages"}],"about":[{"href":"https:\/\/www.lechner-service.at\/page\/wp-json\/wp\/v2\/types\/page"}],"author":[{"embeddable":true,"href":"https:\/\/www.lechner-service.at\/page\/wp-json\/wp\/v2\/users\/1"}],"replies":[{"embeddable":true,"href":"https:\/\/www.lechner-service.at\/page\/wp-json\/wp\/v2\/comments?post=233"}],"version-history":[{"count":9,"href":"https:\/\/www.lechner-service.at\/page\/wp-json\/wp\/v2\/pages\/233\/revisions"}],"predecessor-version":[{"id":645,"href":"https:\/\/www.lechner-service.at\/page\/wp-json\/wp\/v2\/pages\/233\/revisions\/645"}],"wp:attachment":[{"href":"https:\/\/www.lechner-service.at\/page\/wp-json\/wp\/v2\/media?parent=233"}],"curies":[{"name":"wp","href":"https:\/\/api.w.org\/{rel}","templated":true}]}}