{"id":231,"date":"2023-10-11T11:43:51","date_gmt":"2023-10-11T09:43:51","guid":{"rendered":"https:\/\/www.lechner-service.at\/page\/?page_id=231"},"modified":"2024-03-24T14:01:30","modified_gmt":"2024-03-24T13:01:30","slug":"senktrechtmarkisen","status":"publish","type":"page","link":"https:\/\/www.lechner-service.at\/page\/senktrechtmarkisen\/","title":{"rendered":"Senkrechtmarkisen\/ZIP"},"content":{"rendered":"\n<div class=\"wp-block-media-text is-stacked-on-mobile\" style=\"grid-template-columns:23% auto\"><figure class=\"wp-block-media-text__media\"><img loading=\"lazy\" decoding=\"async\" width=\"717\" height=\"1024\" src=\"https:\/\/www.lechner-service.at\/page\/wp-content\/uploads\/2024\/01\/Eurosun_ZIP_95_Feindaten_230216-717x1024.jpg\" alt=\"\" class=\"wp-image-641 size-full\" srcset=\"https:\/\/www.lechner-service.at\/page\/wp-content\/uploads\/2024\/01\/Eurosun_ZIP_95_Feindaten_230216-717x1024.jpg 717w, https:\/\/www.lechner-service.at\/page\/wp-content\/uploads\/2024\/01\/Eurosun_ZIP_95_Feindaten_230216-210x300.jpg 210w, https:\/\/www.lechner-service.at\/page\/wp-content\/uploads\/2024\/01\/Eurosun_ZIP_95_Feindaten_230216-768x1097.jpg 768w, https:\/\/www.lechner-service.at\/page\/wp-content\/uploads\/2024\/01\/Eurosun_ZIP_95_Feindaten_230216.jpg 787w\" sizes=\"auto, (max-width: 717px) 100vw, 717px\" \/><\/figure><div class=\"wp-block-media-text__content\">\n<p>Senkrechtmarkisen\/Zip Sonnenschutz beeindrucken durch ihre einzigartige Funktionalit\u00e4t. In unterschiedlichen Ausf\u00fchrungen und Designs verf\u00fcgbar, sind die Textilscreens ein windfestes und innovatives Gestaltungselement f\u00fcr dein Zuhause. Sie bieten effektiven Hitzeschutz bei gleichzeitig gen\u00fcgend Transparenz und Tageslicht f\u00fcr eine nat\u00fcrliche Raumatmosph\u00e4re.<\/p>\n<\/div><\/div>\n\n\n\n<p><br>Die witterungsbest\u00e4ndigen und langlebigen Stoffe in unterschiedlichsten Farben und Transparenzgraden filtern bis zu 98 % der UV-Strahlung und sch\u00fctzen dadurch<br>Einrichtungsgegenst\u00e4nde vor zu viel Sonneneinstrahlung. Des Weiteren reflektieren die ZIP-Anlage das Sonnenlicht und regulieren das Raumklima. Dadurch wird verhindert, dass sich im Sommer die R\u00e4ume unangenehm aufheizen. Dank hochwertiger Motorentechnik lassen sich ZIP Anlagen \u00fcber Fernbedienung oder Wandschalter komfortabel steuern \u2013 oder gleich automatisch \u00fcber Smart Home Steuerung.<\/p>\n\n\n\n<figure class=\"wp-block-image aligncenter size-large\"><img loading=\"lazy\" decoding=\"async\" width=\"1024\" height=\"335\" src=\"https:\/\/www.lechner-service.at\/page\/wp-content\/uploads\/2024\/01\/ZIP-1024x335.jpg\" alt=\"\" class=\"wp-image-642\" srcset=\"https:\/\/www.lechner-service.at\/page\/wp-content\/uploads\/2024\/01\/ZIP-1024x335.jpg 1024w, https:\/\/www.lechner-service.at\/page\/wp-content\/uploads\/2024\/01\/ZIP-300x98.jpg 300w, https:\/\/www.lechner-service.at\/page\/wp-content\/uploads\/2024\/01\/ZIP-768x251.jpg 768w, https:\/\/www.lechner-service.at\/page\/wp-content\/uploads\/2024\/01\/ZIP.jpg 1134w\" sizes=\"auto, (max-width: 1024px) 100vw, 1024px\" \/><\/figure>\n\n\n\n<p><\/p>\n\n\n\n<p class=\"has-medium-font-size\"><strong>F\u00fcr eine individuelle Beratung, kontaktieren Sie uns einfach \u00fcber unser&nbsp;<a href=\"https:\/\/www.lechner-service.at\/page\/kontakt\/\">Kontaktformular<\/a>.<\/strong><\/p>\n","protected":false},"excerpt":{"rendered":"<p>Senkrechtmarkisen\/Zip Sonnenschutz beeindrucken durch ihre einzigartige Funktionalit\u00e4t. In unterschiedlichen Ausf\u00fchrungen und Designs verf\u00fcgbar, sind die Textilscreens ein windfestes und innovatives Gestaltungselement f\u00fcr dein Zuhause. Sie bieten effektiven Hitzeschutz bei gleichzeitig gen\u00fcgend Transparenz und Tageslicht f\u00fcr eine nat\u00fcrliche Raumatmosph\u00e4re. Die witterungsbest\u00e4ndigen und langlebigen Stoffe in unterschiedlichsten Farben und Transparenzgraden filtern bis zu 98 % der UV-Strahlung &hellip;<\/p>\n<p class=\"read-more\"> <a class=\"\" href=\"https:\/\/www.lechner-service.at\/page\/senktrechtmarkisen\/\"> <span class=\"screen-reader-text\">Senkrechtmarkisen\/ZIP<\/span> Weiterlesen &raquo;<\/a><\/p>\n","protected":false},"author":1,"featured_media":0,"parent":0,"menu_order":0,"comment_status":"closed","ping_status":"closed","template":"","meta":{"_uag_custom_page_level_css":"","site-sidebar-layout":"default","site-content-layout":"","ast-site-content-layout":"","site-content-style":"default","site-sidebar-style":"default","ast-global-header-display":"","ast-banner-title-visibility":"","ast-main-header-display":"","ast-hfb-above-header-display":"","ast-hfb-below-header-display":"","ast-hfb-mobile-header-display":"","site-post-title":"","ast-breadcrumbs-content":"","ast-featured-img":"","footer-sml-layout":"","theme-transparent-header-meta":"","adv-header-id-meta":"","stick-header-meta":"","header-above-stick-meta":"","header-main-stick-meta":"","header-below-stick-meta":"","astra-migrate-meta-layouts":"default","ast-page-background-enabled":"default","ast-page-background-meta":{"desktop":{"background-color":"var(--ast-global-color-4)","background-image":"","background-repeat":"repeat","background-position":"center center","background-size":"auto","background-attachment":"scroll","background-type":"","background-media":"","overlay-type":"","overlay-color":"","overlay-gradient":""},"tablet":{"background-color":"","background-image":"","background-repeat":"repeat","background-position":"center center","background-size":"auto","background-attachment":"scroll","background-type":"","background-media":"","overlay-type":"","overlay-color":"","overlay-gradient":""},"mobile":{"background-color":"","background-image":"","background-repeat":"repeat","background-position":"center center","background-size":"auto","background-attachment":"scroll","background-type":"","background-media":"","overlay-type":"","overlay-color":"","overlay-gradient":""}},"ast-content-background-meta":{"desktop":{"background-color":"var(--ast-global-color-5)","background-image":"","background-repeat":"repeat","background-position":"center center","background-size":"auto","background-attachment":"scroll","background-type":"","background-media":"","overlay-type":"","overlay-color":"","overlay-gradient":""},"tablet":{"background-color":"var(--ast-global-color-5)","background-image":"","background-repeat":"repeat","background-position":"center center","background-size":"auto","background-attachment":"scroll","background-type":"","background-media":"","overlay-type":"","overlay-color":"","overlay-gradient":""},"mobile":{"background-color":"var(--ast-global-color-5)","background-image":"","background-repeat":"repeat","background-position":"center center","background-size":"auto","background-attachment":"scroll","background-type":"","background-media":"","overlay-type":"","overlay-color":"","overlay-gradient":""}},"footnotes":""},"class_list":["post-231","page","type-page","status-publish","hentry"],"aioseo_notices":[],"uagb_featured_image_src":{"full":false,"thumbnail":false,"medium":false,"medium_large":false,"large":false,"1536x1536":false,"2048x2048":false},"uagb_author_info":{"display_name":"admin","author_link":"https:\/\/www.lechner-service.at\/page\/author\/admin\/"},"uagb_comment_info":0,"uagb_excerpt":"Senkrechtmarkisen\/Zip Sonnenschutz beeindrucken durch ihre einzigartige Funktionalit\u00e4t. In unterschiedlichen Ausf\u00fchrungen und Designs verf\u00fcgbar, sind die Textilscreens ein windfestes und innovatives Gestaltungselement f\u00fcr dein Zuhause. Sie bieten effektiven Hitzeschutz bei gleichzeitig gen\u00fcgend Transparenz und Tageslicht f\u00fcr eine nat\u00fcrliche Raumatmosph\u00e4re. Die witterungsbest\u00e4ndigen und langlebigen Stoffe in unterschiedlichsten Farben und Transparenzgraden filtern bis zu 98 % der UV-Strahlung&hellip;","_links":{"self":[{"href":"https:\/\/www.lechner-service.at\/page\/wp-json\/wp\/v2\/pages\/231","targetHints":{"allow":["GET"]}}],"collection":[{"href":"https:\/\/www.lechner-service.at\/page\/wp-json\/wp\/v2\/pages"}],"about":[{"href":"https:\/\/www.lechner-service.at\/page\/wp-json\/wp\/v2\/types\/page"}],"author":[{"embeddable":true,"href":"https:\/\/www.lechner-service.at\/page\/wp-json\/wp\/v2\/users\/1"}],"replies":[{"embeddable":true,"href":"https:\/\/www.lechner-service.at\/page\/wp-json\/wp\/v2\/comments?post=231"}],"version-history":[{"count":7,"href":"https:\/\/www.lechner-service.at\/page\/wp-json\/wp\/v2\/pages\/231\/revisions"}],"predecessor-version":[{"id":684,"href":"https:\/\/www.lechner-service.at\/page\/wp-json\/wp\/v2\/pages\/231\/revisions\/684"}],"wp:attachment":[{"href":"https:\/\/www.lechner-service.at\/page\/wp-json\/wp\/v2\/media?parent=231"}],"curies":[{"name":"wp","href":"https:\/\/api.w.org\/{rel}","templated":true}]}}