{"id":219,"date":"2023-10-11T11:41:37","date_gmt":"2023-10-11T09:41:37","guid":{"rendered":"https:\/\/www.lechner-service.at\/page\/?page_id=219"},"modified":"2023-11-11T16:08:26","modified_gmt":"2023-11-11T15:08:26","slug":"terrassendach","status":"publish","type":"page","link":"https:\/\/www.lechner-service.at\/page\/terrassendach\/","title":{"rendered":"Pergola"},"content":{"rendered":"\n<p>Entdecken Sie die perfekte Erg\u00e4nzung f\u00fcr Ihren Garten &#8211; unsere hochwertigen Pergolas! Mit unseren einzigartigen und stilvollen Designs bieten wir Ihnen die M\u00f6glichkeit, Ihren Au\u00dfenbereich zu verwandeln und eine gem\u00fctliche Atmosph\u00e4re zu schaffen. Sie sind aus robustem und langlebigem Material gefertigt, um den verschiedenen Witterungsbedingungen standzuhalten, egal ob Sonne oder Regen.<br>Nutzen Sie sie als gem\u00fctlichen Lounge-Bereich, als Essplatz im Freien oder als gr\u00fcnes Paradies f\u00fcr Ihre Pflanzen. Wir verstehen, dass Qualit\u00e4t und Preis eine wichtige Rolle bei der Entscheidung f\u00fcr ein Produkt spielen. Deshalb bieten wir Ihnen erstklassige Pergolas zu fairen Preisen an. Verpassen Sie nicht die Chance, Ihrem Garten das gewisse Extra zu verleihen. Lassen Sie sich von unseren Bildern inspirieren und lassen Sie Ihre Garten-Tr\u00e4ume wahr werden! Nutzen Sie jetzt die M\u00f6glichkeit, Ihre pers\u00f6nliche Oase im Freien zu schaffen. <\/p>\n\n\n\n<p><strong>Wir freuen uns darauf, Ihnen bei der Gestaltung Ihres Traumgartens behilflich\u00a0zu\u00a0sein!<\/strong><\/p>\n\n\n\t\t\t\t\t<div\n\t\t\t\t\t\tclass=\"wp-block-uagb-image-gallery uagb-block-a3e1a6b4     \"\n\t\t\t\t\t\tstyle=\"\"\n\t\t\t\t\t>\n\t\t\t\t\t\t\t\t\t\t\t<div class=\"spectra-image-gallery spectra-image-gallery__layout--grid spectra-image-gallery__layout--grid-col-2 spectra-image-gallery__layout--grid-col-tab-2 spectra-image-gallery__layout--grid-col-mob-2\">\n\t\t\t\t\t\t\t\t\t\t\t<div class='spectra-image-gallery__media-wrapper' data-spectra-gallery-image-id='522'>\n\t\t\t\t\t\t\t<div class=\"spectra-image-gallery__media spectra-image-gallery__media--grid\">\n\t\t\t\t<picture>\n\t\t\t\t\t<source media=\"(min-width: 1024px)\" srcset=\"https:\/\/www.lechner-service.at\/page\/wp-content\/uploads\/2023\/11\/Lamellendach_selt.png\">\n\t\t\t\t\t<source media=\"(min-width: 768px)\" srcset=\"https:\/\/www.lechner-service.at\/page\/wp-content\/uploads\/2023\/11\/Lamellendach_selt.png\">\n\t\t\t\t\t<img decoding=\"async\" class=\"spectra-image-gallery__media-thumbnail spectra-image-gallery__media-thumbnail--grid\" src=\"https:\/\/www.lechner-service.at\/page\/wp-content\/uploads\/2023\/11\/Lamellendach_selt-300x205.png\" alt=\"Pergolasysteme\" loading=\"lazy\" \/>\n\t\t\t\t<\/picture>\n\t\t\t\t<div class=\"spectra-image-gallery__media-thumbnail-blurrer\"><\/div>\n\t\t\t\t\t\t\t\t\t\t\t<div class=\"spectra-image-gallery__media-thumbnail-caption-wrapper spectra-image-gallery__media-thumbnail-caption-wrapper--overlay\">\n\t\t\t\t\t\t\t\t\t\t\t<div class=\"spectra-image-gallery__media-thumbnail-caption spectra-image-gallery__media-thumbnail-caption--overlay\">\n\t\t\t\t\tLamellendach\t\t\t\t<\/div>\n\t\t\t\t\t\t\t\t\t\t<\/div>\n\t\t\t\t\t\t\t\t\t<\/div>\n\t\t\t\t\t\t<\/div>\n\t\t\t\t\t\t<div class='spectra-image-gallery__media-wrapper' data-spectra-gallery-image-id='523'>\n\t\t\t\t\t\t\t<div class=\"spectra-image-gallery__media spectra-image-gallery__media--grid\">\n\t\t\t\t<picture>\n\t\t\t\t\t<source media=\"(min-width: 1024px)\" srcset=\"https:\/\/www.lechner-service.at\/page\/wp-content\/uploads\/2023\/11\/Pergolamarkise-1024x584.png\">\n\t\t\t\t\t<source media=\"(min-width: 768px)\" srcset=\"https:\/\/www.lechner-service.at\/page\/wp-content\/uploads\/2023\/11\/Pergolamarkise-1024x584.png\">\n\t\t\t\t\t<img decoding=\"async\" class=\"spectra-image-gallery__media-thumbnail spectra-image-gallery__media-thumbnail--grid\" src=\"https:\/\/www.lechner-service.at\/page\/wp-content\/uploads\/2023\/11\/Pergolamarkise-300x171.png\" alt=\"\" loading=\"lazy\" \/>\n\t\t\t\t<\/picture>\n\t\t\t\t<div class=\"spectra-image-gallery__media-thumbnail-blurrer\"><\/div>\n\t\t\t\t\t\t\t\t\t\t\t<div class=\"spectra-image-gallery__media-thumbnail-caption-wrapper spectra-image-gallery__media-thumbnail-caption-wrapper--overlay\">\n\t\t\t\t\t\t\t\t\t\t\t<div class=\"spectra-image-gallery__media-thumbnail-caption spectra-image-gallery__media-thumbnail-caption--overlay\">\n\t\t\t\t\tPergolamarkisen\t\t\t\t<\/div>\n\t\t\t\t\t\t\t\t\t\t<\/div>\n\t\t\t\t\t\t\t\t\t<\/div>\n\t\t\t\t\t\t<\/div>\n\t\t\t\t\t\t\t\t\t\t<\/div>\n\t\t\t\t\t\t\t\t\t\t\t\t\t\t\t\t\t\t<\/div>\n\t\t\t\t\t\t\t\t\t\n\n\n<p><\/p>\n\n\n\n<p class=\"has-medium-font-size\"><strong>F\u00fcr eine individuelle Beratung, kontaktieren Sie uns einfach \u00fcber unser&nbsp;<a href=\"https:\/\/www.lechner-service.at\/page\/kontakt\/\">Kontaktformular<\/a>.<\/strong><\/p>\n","protected":false},"excerpt":{"rendered":"<p>Entdecken Sie die perfekte Erg\u00e4nzung f\u00fcr Ihren Garten &#8211; unsere hochwertigen Pergolas! Mit unseren einzigartigen und stilvollen Designs bieten wir Ihnen die M\u00f6glichkeit, Ihren Au\u00dfenbereich zu verwandeln und eine gem\u00fctliche Atmosph\u00e4re zu schaffen. Sie sind aus robustem und langlebigem Material gefertigt, um den verschiedenen Witterungsbedingungen standzuhalten, egal ob Sonne oder Regen.Nutzen Sie sie als gem\u00fctlichen &hellip;<\/p>\n<p class=\"read-more\"> <a class=\"\" href=\"https:\/\/www.lechner-service.at\/page\/terrassendach\/\"> <span class=\"screen-reader-text\">Pergola<\/span> Weiterlesen &raquo;<\/a><\/p>\n","protected":false},"author":1,"featured_media":0,"parent":0,"menu_order":0,"comment_status":"closed","ping_status":"closed","template":"","meta":{"_uag_custom_page_level_css":"","site-sidebar-layout":"default","site-content-layout":"","ast-site-content-layout":"","site-content-style":"default","site-sidebar-style":"default","ast-global-header-display":"","ast-banner-title-visibility":"","ast-main-header-display":"","ast-hfb-above-header-display":"","ast-hfb-below-header-display":"","ast-hfb-mobile-header-display":"","site-post-title":"","ast-breadcrumbs-content":"","ast-featured-img":"","footer-sml-layout":"","theme-transparent-header-meta":"","adv-header-id-meta":"","stick-header-meta":"","header-above-stick-meta":"","header-main-stick-meta":"","header-below-stick-meta":"","astra-migrate-meta-layouts":"default","ast-page-background-enabled":"default","ast-page-background-meta":{"desktop":{"background-color":"var(--ast-global-color-4)","background-image":"","background-repeat":"repeat","background-position":"center center","background-size":"auto","background-attachment":"scroll","background-type":"","background-media":"","overlay-type":"","overlay-color":"","overlay-gradient":""},"tablet":{"background-color":"","background-image":"","background-repeat":"repeat","background-position":"center center","background-size":"auto","background-attachment":"scroll","background-type":"","background-media":"","overlay-type":"","overlay-color":"","overlay-gradient":""},"mobile":{"background-color":"","background-image":"","background-repeat":"repeat","background-position":"center center","background-size":"auto","background-attachment":"scroll","background-type":"","background-media":"","overlay-type":"","overlay-color":"","overlay-gradient":""}},"ast-content-background-meta":{"desktop":{"background-color":"var(--ast-global-color-5)","background-image":"","background-repeat":"repeat","background-position":"center center","background-size":"auto","background-attachment":"scroll","background-type":"","background-media":"","overlay-type":"","overlay-color":"","overlay-gradient":""},"tablet":{"background-color":"var(--ast-global-color-5)","background-image":"","background-repeat":"repeat","background-position":"center center","background-size":"auto","background-attachment":"scroll","background-type":"","background-media":"","overlay-type":"","overlay-color":"","overlay-gradient":""},"mobile":{"background-color":"var(--ast-global-color-5)","background-image":"","background-repeat":"repeat","background-position":"center center","background-size":"auto","background-attachment":"scroll","background-type":"","background-media":"","overlay-type":"","overlay-color":"","overlay-gradient":""}},"footnotes":""},"class_list":["post-219","page","type-page","status-publish","hentry"],"aioseo_notices":[],"uagb_featured_image_src":{"full":false,"thumbnail":false,"medium":false,"medium_large":false,"large":false,"1536x1536":false,"2048x2048":false},"uagb_author_info":{"display_name":"admin","author_link":"https:\/\/www.lechner-service.at\/page\/author\/admin\/"},"uagb_comment_info":0,"uagb_excerpt":"Entdecken Sie die perfekte Erg\u00e4nzung f\u00fcr Ihren Garten &#8211; unsere hochwertigen Pergolas! Mit unseren einzigartigen und stilvollen Designs bieten wir Ihnen die M\u00f6glichkeit, Ihren Au\u00dfenbereich zu verwandeln und eine gem\u00fctliche Atmosph\u00e4re zu schaffen. Sie sind aus robustem und langlebigem Material gefertigt, um den verschiedenen Witterungsbedingungen standzuhalten, egal ob Sonne oder Regen.Nutzen Sie sie als gem\u00fctlichen&hellip;","_links":{"self":[{"href":"https:\/\/www.lechner-service.at\/page\/wp-json\/wp\/v2\/pages\/219","targetHints":{"allow":["GET"]}}],"collection":[{"href":"https:\/\/www.lechner-service.at\/page\/wp-json\/wp\/v2\/pages"}],"about":[{"href":"https:\/\/www.lechner-service.at\/page\/wp-json\/wp\/v2\/types\/page"}],"author":[{"embeddable":true,"href":"https:\/\/www.lechner-service.at\/page\/wp-json\/wp\/v2\/users\/1"}],"replies":[{"embeddable":true,"href":"https:\/\/www.lechner-service.at\/page\/wp-json\/wp\/v2\/comments?post=219"}],"version-history":[{"count":7,"href":"https:\/\/www.lechner-service.at\/page\/wp-json\/wp\/v2\/pages\/219\/revisions"}],"predecessor-version":[{"id":535,"href":"https:\/\/www.lechner-service.at\/page\/wp-json\/wp\/v2\/pages\/219\/revisions\/535"}],"wp:attachment":[{"href":"https:\/\/www.lechner-service.at\/page\/wp-json\/wp\/v2\/media?parent=219"}],"curies":[{"name":"wp","href":"https:\/\/api.w.org\/{rel}","templated":true}]}}