{"id":193,"date":"2023-08-24T16:07:25","date_gmt":"2023-08-24T14:07:25","guid":{"rendered":"https:\/\/www.lechner-service.at\/page\/?page_id=193"},"modified":"2024-09-14T10:18:14","modified_gmt":"2024-09-14T08:18:14","slug":"partner","status":"publish","type":"page","link":"https:\/\/www.lechner-service.at\/page\/partner\/","title":{"rendered":"Tore"},"content":{"rendered":"\n<figure class=\"wp-block-image aligncenter size-large\"><img loading=\"lazy\" decoding=\"async\" width=\"1024\" height=\"682\" src=\"https:\/\/www.lechner-service.at\/page\/wp-content\/uploads\/2024\/09\/Garagentor-1024x682.jpg\" alt=\"\" class=\"wp-image-739\" srcset=\"https:\/\/www.lechner-service.at\/page\/wp-content\/uploads\/2024\/09\/Garagentor-1024x682.jpg 1024w, https:\/\/www.lechner-service.at\/page\/wp-content\/uploads\/2024\/09\/Garagentor-300x200.jpg 300w, https:\/\/www.lechner-service.at\/page\/wp-content\/uploads\/2024\/09\/Garagentor-768x512.jpg 768w, https:\/\/www.lechner-service.at\/page\/wp-content\/uploads\/2024\/09\/Garagentor-1536x1024.jpg 1536w, https:\/\/www.lechner-service.at\/page\/wp-content\/uploads\/2024\/09\/Garagentor-2048x1365.jpg 2048w\" sizes=\"auto, (max-width: 1024px) 100vw, 1024px\" \/><\/figure>\n\n\n\n<p>Entdecken Sie unseren professionellen Reparatur- und Montageservice f\u00fcr Tore und profitieren Sie von zuverl\u00e4ssigen L\u00f6sungen f\u00fcr Ihre Einfahrtstore, Garagentore, Schiebetore und mehr! Unsere erfahrenen Handwerker sind darauf spezialisiert, defekte Tore zu reparieren, zu warten und zu montieren, um die Sicherheit, Funktionalit\u00e4t und \u00c4sthetik Ihrer Immobilie zu gew\u00e4hrleisten.<\/p>\n\n\n\n<p>Egal ob Ihr Tor quietscht, klemmt, besch\u00e4digt ist oder nicht mehr richtig funktioniert \u2013 wir stehen Ihnen zur Seite, um schnelle und effektive Reparaturen durchzuf\u00fchren. Wir verwenden hochwertige Ersatzteile und Materialien, um sicherzustellen, dass Ihr Tor wieder einwandfrei funktioniert und lange h\u00e4lt.<\/p>\n\n\n\n<p>Wenn Sie ein neues Tor ben\u00f6tigen oder Ihr altes Tor ersetzen m\u00f6chten, bieten wir Ihnen ma\u00dfgeschneiderte Montagel\u00f6sungen, die perfekt zu Ihren Anforderungen und Ihrem Budget passen.<\/p>\n\n\n\n<p class=\"has-text-align-center\">Wir arbeiten hier in enger Kooperation mit unserem Partner von Maxtor zusammen. <br><a href=\"https:\/\/maxtor-tore.at\/\" target=\"_blank\" rel=\"noopener\" title=\"\">https:\/\/maxtor-tore.at\/<\/a><\/p>\n\n\n\n<p class=\"has-text-align-center\">Wir beraten Sie gerne bei der Auswahl des richtigen Torsystems und k\u00fcmmern uns um die fachgerechte Installation. <br><em>Alternativ k\u00f6nnen wir Ihnen nat\u00fcrlich auch Tore von anderen Herstellen anbieten.<\/em><\/p>\n\n\n\n<p>Vertrauen Sie auf unsere Expertise und lassen Sie uns Ihre Torreparaturen und -montagen professionell durchf\u00fchren. <a href=\"https:\/\/www.lechner-service.at\/page\/kontakt\/\" title=\"Kontakt\">Kontaktieren <\/a>Sie uns noch heute, um mehr \u00fcber unsere Dienstleistungen zu erfahren und einen Termin zu vereinbaren. Wir freuen uns darauf, Ihnen zu helfen, Ihre Tore in Top-Zustand&nbsp;zu&nbsp;halten!<\/p>\n","protected":false},"excerpt":{"rendered":"<p>Entdecken Sie unseren professionellen Reparatur- und Montageservice f\u00fcr Tore und profitieren Sie von zuverl\u00e4ssigen L\u00f6sungen f\u00fcr Ihre Einfahrtstore, Garagentore, Schiebetore und mehr! Unsere erfahrenen Handwerker sind darauf spezialisiert, defekte Tore zu reparieren, zu warten und zu montieren, um die Sicherheit, Funktionalit\u00e4t und \u00c4sthetik Ihrer Immobilie zu gew\u00e4hrleisten. Egal ob Ihr Tor quietscht, klemmt, besch\u00e4digt ist &hellip;<\/p>\n<p class=\"read-more\"> <a class=\"\" href=\"https:\/\/www.lechner-service.at\/page\/partner\/\"> <span class=\"screen-reader-text\">Tore<\/span> Weiterlesen &raquo;<\/a><\/p>\n","protected":false},"author":1,"featured_media":0,"parent":0,"menu_order":0,"comment_status":"closed","ping_status":"closed","template":"","meta":{"_uag_custom_page_level_css":"","site-sidebar-layout":"default","site-content-layout":"","ast-site-content-layout":"","site-content-style":"default","site-sidebar-style":"default","ast-global-header-display":"","ast-banner-title-visibility":"","ast-main-header-display":"","ast-hfb-above-header-display":"","ast-hfb-below-header-display":"","ast-hfb-mobile-header-display":"","site-post-title":"","ast-breadcrumbs-content":"","ast-featured-img":"","footer-sml-layout":"","theme-transparent-header-meta":"","adv-header-id-meta":"","stick-header-meta":"","header-above-stick-meta":"","header-main-stick-meta":"","header-below-stick-meta":"","astra-migrate-meta-layouts":"default","ast-page-background-enabled":"default","ast-page-background-meta":{"desktop":{"background-color":"var(--ast-global-color-4)","background-image":"","background-repeat":"repeat","background-position":"center center","background-size":"auto","background-attachment":"scroll","background-type":"","background-media":"","overlay-type":"","overlay-color":"","overlay-gradient":""},"tablet":{"background-color":"","background-image":"","background-repeat":"repeat","background-position":"center center","background-size":"auto","background-attachment":"scroll","background-type":"","background-media":"","overlay-type":"","overlay-color":"","overlay-gradient":""},"mobile":{"background-color":"","background-image":"","background-repeat":"repeat","background-position":"center center","background-size":"auto","background-attachment":"scroll","background-type":"","background-media":"","overlay-type":"","overlay-color":"","overlay-gradient":""}},"ast-content-background-meta":{"desktop":{"background-color":"var(--ast-global-color-5)","background-image":"","background-repeat":"repeat","background-position":"center center","background-size":"auto","background-attachment":"scroll","background-type":"","background-media":"","overlay-type":"","overlay-color":"","overlay-gradient":""},"tablet":{"background-color":"var(--ast-global-color-5)","background-image":"","background-repeat":"repeat","background-position":"center center","background-size":"auto","background-attachment":"scroll","background-type":"","background-media":"","overlay-type":"","overlay-color":"","overlay-gradient":""},"mobile":{"background-color":"var(--ast-global-color-5)","background-image":"","background-repeat":"repeat","background-position":"center center","background-size":"auto","background-attachment":"scroll","background-type":"","background-media":"","overlay-type":"","overlay-color":"","overlay-gradient":""}},"footnotes":""},"class_list":["post-193","page","type-page","status-publish","hentry"],"aioseo_notices":[],"uagb_featured_image_src":{"full":false,"thumbnail":false,"medium":false,"medium_large":false,"large":false,"1536x1536":false,"2048x2048":false},"uagb_author_info":{"display_name":"admin","author_link":"https:\/\/www.lechner-service.at\/page\/author\/admin\/"},"uagb_comment_info":0,"uagb_excerpt":"Entdecken Sie unseren professionellen Reparatur- und Montageservice f\u00fcr Tore und profitieren Sie von zuverl\u00e4ssigen L\u00f6sungen f\u00fcr Ihre Einfahrtstore, Garagentore, Schiebetore und mehr! Unsere erfahrenen Handwerker sind darauf spezialisiert, defekte Tore zu reparieren, zu warten und zu montieren, um die Sicherheit, Funktionalit\u00e4t und \u00c4sthetik Ihrer Immobilie zu gew\u00e4hrleisten. Egal ob Ihr Tor quietscht, klemmt, besch\u00e4digt ist&hellip;","_links":{"self":[{"href":"https:\/\/www.lechner-service.at\/page\/wp-json\/wp\/v2\/pages\/193","targetHints":{"allow":["GET"]}}],"collection":[{"href":"https:\/\/www.lechner-service.at\/page\/wp-json\/wp\/v2\/pages"}],"about":[{"href":"https:\/\/www.lechner-service.at\/page\/wp-json\/wp\/v2\/types\/page"}],"author":[{"embeddable":true,"href":"https:\/\/www.lechner-service.at\/page\/wp-json\/wp\/v2\/users\/1"}],"replies":[{"embeddable":true,"href":"https:\/\/www.lechner-service.at\/page\/wp-json\/wp\/v2\/comments?post=193"}],"version-history":[{"count":22,"href":"https:\/\/www.lechner-service.at\/page\/wp-json\/wp\/v2\/pages\/193\/revisions"}],"predecessor-version":[{"id":741,"href":"https:\/\/www.lechner-service.at\/page\/wp-json\/wp\/v2\/pages\/193\/revisions\/741"}],"wp:attachment":[{"href":"https:\/\/www.lechner-service.at\/page\/wp-json\/wp\/v2\/media?parent=193"}],"curies":[{"name":"wp","href":"https:\/\/api.w.org\/{rel}","templated":true}]}}